{"id":203345,"date":"2025-04-30T15:24:00","date_gmt":"2025-04-30T13:24:00","guid":{"rendered":"https:\/\/shop.moldbrothers.com\/?post_type=product&#038;p=203345"},"modified":"2026-05-05T13:22:48","modified_gmt":"2026-05-05T11:22:48","slug":"single-taco","status":"publish","type":"product","link":"https:\/\/shop.moldbrothers.com\/nl\/product\/single-taco\/","title":{"rendered":"Enkele taco"},"content":{"rendered":"<p>De producten worden vanaf half juni verzonden.<\/p>\n\n\n\n<p><\/p>","protected":false},"excerpt":{"rendered":"<p>Een basis met \u00e9\u00e9n sleuf die \u00e9\u00e9n taco of gevouwen hapje rechtop en stabiel houdt. Werkt goed naast de Cone en Cylinder Series op tafel. Ook verkrijgbaar in een versie met twee sleuven als Double Taco.<\/p>","protected":false},"featured_media":203249,"template":"","meta":{"_seopress_robots_primary_cat":"none","_seopress_titles_title":"S\u014dkkel | Volume 1 | Single Taco | MoldBrothers","_seopress_titles_desc":"Part of Volume 1 under Presentation. Exists of a solid wooden base without a separate surface. Taco Holders are available in a one- or two-slot version.","_seopress_robots_index":""},"product_brand":[],"product_cat":[238],"product_tag":[],"woo-feed-brand":[],"class_list":{"0":"post-203345","1":"product","2":"type-product","3":"status-publish","4":"has-post-thumbnail","6":"product_cat-sokkel","8":"first","9":"instock","10":"taxable","11":"shipping-taxable","12":"purchasable","13":"product-type-variable"},"_links":{"self":[{"href":"https:\/\/shop.moldbrothers.com\/nl\/wp-json\/wp\/v2\/product\/203345","targetHints":{"allow":["GET"]}}],"collection":[{"href":"https:\/\/shop.moldbrothers.com\/nl\/wp-json\/wp\/v2\/product"}],"about":[{"href":"https:\/\/shop.moldbrothers.com\/nl\/wp-json\/wp\/v2\/types\/product"}],"wp:featuredmedia":[{"embeddable":true,"href":"https:\/\/shop.moldbrothers.com\/nl\/wp-json\/wp\/v2\/media\/203249"}],"wp:attachment":[{"href":"https:\/\/shop.moldbrothers.com\/nl\/wp-json\/wp\/v2\/media?parent=203345"}],"wp:term":[{"taxonomy":"product_brand","embeddable":true,"href":"https:\/\/shop.moldbrothers.com\/nl\/wp-json\/wp\/v2\/product_brand?post=203345"},{"taxonomy":"product_cat","embeddable":true,"href":"https:\/\/shop.moldbrothers.com\/nl\/wp-json\/wp\/v2\/product_cat?post=203345"},{"taxonomy":"product_tag","embeddable":true,"href":"https:\/\/shop.moldbrothers.com\/nl\/wp-json\/wp\/v2\/product_tag?post=203345"},{"taxonomy":"woo-feed-brand","embeddable":true,"href":"https:\/\/shop.moldbrothers.com\/nl\/wp-json\/wp\/v2\/woo-feed-brand?post=203345"}],"curies":[{"name":"wp","href":"https:\/\/api.w.org\/{rel}","templated":true}]}}