{"id":171729,"date":"2024-10-24T10:27:57","date_gmt":"2024-10-24T08:27:57","guid":{"rendered":"https:\/\/shop.moldbrothers.com\/?post_type=product&#038;p=171729"},"modified":"2025-10-20T14:27:07","modified_gmt":"2025-10-20T12:27:07","slug":"pithivier-set-dome-mold","status":"publish","type":"product","link":"https:\/\/shop.moldbrothers.com\/nl\/product\/pithivier-set-dome-mold\/","title":{"rendered":"Pithivier Set - Koepel Mold"},"content":{"rendered":"<div class=\"wp-block-columns is-layout-flex wp-container-core-columns-is-layout-9d6595d7 wp-block-columns-is-layout-flex\">\n<div class=\"wp-block-column is-vertically-aligned-center is-layout-flow wp-block-column-is-layout-flow\" style=\"flex-basis:50%\">\n<figure class=\"wp-block-image size-full\"><a href=\"https:\/\/shop.moldbrothers.com\/wp-content\/uploads\/2024\/10\/Image.jpg\"><img decoding=\"async\" width=\"701\" height=\"1067\" src=\"https:\/\/shop.moldbrothers.com\/wp-content\/uploads\/2024\/10\/Image-edited.jpg\" alt=\"\" class=\"wp-image-171727\" srcset=\"https:\/\/shop.moldbrothers.com\/wp-content\/uploads\/2024\/10\/Image-edited.jpg 701w, https:\/\/shop.moldbrothers.com\/wp-content\/uploads\/2024\/10\/Image-edited-8x12.jpg 8w\" sizes=\"(max-width: 701px) 100vw, 701px\" \/><\/a><\/figure>\n<\/div>\n\n\n\n<div class=\"wp-block-column is-layout-flow wp-block-column-is-layout-flow\" style=\"flex-basis:35.09%\">\n<h6 class=\"wp-block-heading\">Samenwerking<\/h6>\n\n\n\n<h2 class=\"wp-block-heading\">Over Ron<\/h2>\n\n\n\n<p>Als chef-kok van restaurant Canoe in Canada viert Ron McKinlay de Canadese ingredi\u00ebnten met meer dan tien jaar internationale ervaring in topkeukens in Groot-Brittanni\u00eb, Australi\u00eb en het Midden-Oosten. Hij werkt samen met lokale producenten en cre\u00ebert gerechten die ge\u00efnspireerd zijn op de diverse landschappen van Canada en die de Canadese keuken naar nieuwe hoogten stuwen.<\/p>\n<\/div>\n<\/div>\n\n\n\n<p><\/p>","protected":false},"excerpt":{"rendered":"<p>Hoogwaardige productset voor het maken van een uitstekende Pithivier, ontwikkeld in samenwerking met Ron McKinlay. De Pithivier Dome Mold bevat \u00e9\u00e9n vorm en is gemaakt van 100% food-grade siliconen. Hij kan temperaturen aan van -40\u00b0C tot +200\u00b0C en is dus perfect voor gebruik in zowel de (shock)vriezer als de oven. De set wordt ook geleverd met deegsnijders om het deeg in de juiste vorm te snijden. De uitstekers zijn voedselveilig, maar <strong>niet <\/strong>vaatwasmachinebestendig. We raden aan ze af te wassen in lauw water zonder afwasmiddel. *Je ontvangt ook een gedrukte receptenkaart van chef-kok Ron McKinlay met zijn recept voor <em>\"Kip en champignon\"<\/em> Pithivier.<\/p>","protected":false},"featured_media":171731,"template":"","meta":{"_seopress_robots_primary_cat":"none","_seopress_titles_title":"","_seopress_titles_desc":"","_seopress_robots_index":"yes"},"product_brand":[],"product_cat":[159,231],"product_tag":[],"woo-feed-brand":[],"class_list":{"0":"post-171729","1":"product","2":"type-product","3":"status-publish","4":"has-post-thumbnail","6":"product_cat-3dmolds","7":"product_cat-hidden","9":"first","10":"instock","11":"taxable","12":"shipping-taxable","13":"purchasable","14":"product-type-simple"},"_links":{"self":[{"href":"https:\/\/shop.moldbrothers.com\/nl\/wp-json\/wp\/v2\/product\/171729","targetHints":{"allow":["GET"]}}],"collection":[{"href":"https:\/\/shop.moldbrothers.com\/nl\/wp-json\/wp\/v2\/product"}],"about":[{"href":"https:\/\/shop.moldbrothers.com\/nl\/wp-json\/wp\/v2\/types\/product"}],"wp:featuredmedia":[{"embeddable":true,"href":"https:\/\/shop.moldbrothers.com\/nl\/wp-json\/wp\/v2\/media\/171731"}],"wp:attachment":[{"href":"https:\/\/shop.moldbrothers.com\/nl\/wp-json\/wp\/v2\/media?parent=171729"}],"wp:term":[{"taxonomy":"product_brand","embeddable":true,"href":"https:\/\/shop.moldbrothers.com\/nl\/wp-json\/wp\/v2\/product_brand?post=171729"},{"taxonomy":"product_cat","embeddable":true,"href":"https:\/\/shop.moldbrothers.com\/nl\/wp-json\/wp\/v2\/product_cat?post=171729"},{"taxonomy":"product_tag","embeddable":true,"href":"https:\/\/shop.moldbrothers.com\/nl\/wp-json\/wp\/v2\/product_tag?post=171729"},{"taxonomy":"woo-feed-brand","embeddable":true,"href":"https:\/\/shop.moldbrothers.com\/nl\/wp-json\/wp\/v2\/woo-feed-brand?post=171729"}],"curies":[{"name":"wp","href":"https:\/\/api.w.org\/{rel}","templated":true}]}}