{"id":171714,"date":"2024-10-24T10:20:26","date_gmt":"2024-10-24T08:20:26","guid":{"rendered":"https:\/\/shop.moldbrothers.com\/?post_type=product&#038;p=171714"},"modified":"2026-01-05T12:15:02","modified_gmt":"2026-01-05T11:15:02","slug":"pithivier-set-x-ron-mckinlay","status":"publish","type":"product","link":"https:\/\/shop.moldbrothers.com\/nl\/product\/pithivier-set-x-ron-mckinlay\/","title":{"rendered":"Pithivier Set X Ron McKinlay"},"content":{"rendered":"<div class=\"wp-block-columns is-layout-flex wp-container-core-columns-is-layout-9d6595d7 wp-block-columns-is-layout-flex\">\n<div class=\"wp-block-column is-vertically-aligned-center is-layout-flow wp-block-column-is-layout-flow\" style=\"flex-basis:50%\">\n<figure class=\"wp-block-image size-full\"><a href=\"https:\/\/shop.moldbrothers.com\/wp-content\/uploads\/2024\/10\/DSC2775-1.jpg\"><img decoding=\"async\" width=\"1484\" height=\"1484\" src=\"https:\/\/shop.moldbrothers.com\/wp-content\/uploads\/2024\/10\/DSC2775-1-edited.jpg\" alt=\"\" class=\"wp-image-171734\" srcset=\"https:\/\/shop.moldbrothers.com\/wp-content\/uploads\/2024\/10\/DSC2775-1-edited.jpg 1484w, https:\/\/shop.moldbrothers.com\/wp-content\/uploads\/2024\/10\/DSC2775-1-edited-150x150.jpg 150w, https:\/\/shop.moldbrothers.com\/wp-content\/uploads\/2024\/10\/DSC2775-1-edited-768x768.jpg 768w, https:\/\/shop.moldbrothers.com\/wp-content\/uploads\/2024\/10\/DSC2775-1-edited-12x12.jpg 12w, https:\/\/shop.moldbrothers.com\/wp-content\/uploads\/2024\/10\/DSC2775-1-edited-1024x1024.jpg 1024w, https:\/\/shop.moldbrothers.com\/wp-content\/uploads\/2024\/10\/DSC2775-1-edited-100x100.jpg 100w\" sizes=\"(max-width: 1484px) 100vw, 1484px\" \/><\/a><\/figure>\n<\/div>\n\n\n\n<div class=\"wp-block-column is-layout-flow wp-block-column-is-layout-flow\" style=\"flex-basis:35.09%\">\n<h6 class=\"wp-block-heading\">Samenwerking<\/h6>\n\n\n\n<h2 class=\"wp-block-heading\">Over Ron<\/h2>\n\n\n\n<p>Als chef-kok in Canada viert Ron McKinlay de Canadese ingredi\u00ebnten met meer dan tien jaar internationale ervaring in topkeukens in Groot-Brittanni\u00eb, Australi\u00eb en het Midden-Oosten. Hij werkt samen met lokale producenten en cre\u00ebert gerechten die ge\u00efnspireerd zijn op de diverse landschappen van Canada, waardoor de Canadese keuken naar nieuwe hoogten stijgt.<\/p>\n<\/div>\n<\/div>\n\n\n\n<p><\/p>","protected":false},"excerpt":{"rendered":"<p>Hoogwaardige productset voor het maken van een uitstekende Pithivier, ontwikkeld in samenwerking met Ron McKinlay. De Pithivier Dome Mold bevat \u00e9\u00e9n vorm en is gemaakt van 100% food-grade siliconen. Het kan temperaturen aan van -40\u00b0C tot +200\u00b0C, waardoor het perfect is voor gebruik in zowel de (shock)vriezer als de oven.<\/p>\n<p>De set wordt ook geleverd met deegsnijders om het deeg in de juiste vorm te snijden. De uitstekers zijn voedselveilig, maar <strong>niet <\/strong>vaatwasmachinebestendig. We raden aan om ze in lauw water te wassen zonder afwasmiddel te gebruiken.<\/p>\n<p>*Je ontvangt ook een gedrukte receptenkaart van chef-kok Ron McKinlay met zijn recept voor <em>\"Kip en champignon\"<\/em> Pithivier.<\/p>","protected":false},"featured_media":171719,"template":"","meta":{"_seopress_robots_primary_cat":"none","_seopress_titles_title":"","_seopress_titles_desc":"","_seopress_robots_index":""},"product_brand":[],"product_cat":[159],"product_tag":[1419,581,1413,1447,1431,564,1427,1416,513,566,1425,1429,1430,1446,1030,1415,536,515,1437,1424,1032,1440,1443,547,1438,1150,1418,533,1441,1029,537,1436,1033,1433,1420,530,1444,936,1435,1034,1423,1432,1421,1428,1439,1195,1434,1426,1422,1031,1417,1414,1445,550,1442],"woo-feed-brand":[],"class_list":{"0":"post-171714","1":"product","2":"type-product","3":"status-publish","4":"has-post-thumbnail","6":"product_cat-3dmolds","7":"product_tag-acorn","8":"product_tag-apple","9":"product_tag-autumn","10":"product_tag-autumn-vibes","11":"product_tag-bark","12":"product_tag-cacao","13":"product_tag-caramel","14":"product_tag-chestnut","15":"product_tag-chicken","16":"product_tag-chocolate","17":"product_tag-cinnamon","18":"product_tag-comfort-food","19":"product_tag-cozy","20":"product_tag-deep-flavors","21":"product_tag-deer","22":"product_tag-earth-tones","23":"product_tag-fall","24":"product_tag-farce","25":"product_tag-festive","26":"product_tag-fig","27":"product_tag-filling","28":"product_tag-fireplace","29":"product_tag-foliage","30":"product_tag-forest","31":"product_tag-golden-brown","32":"product_tag-harvest","33":"product_tag-hazelnut","34":"product_tag-herfst","35":"product_tag-hygge","36":"product_tag-lamb","37":"product_tag-leaves","38":"product_tag-limited-edition","39":"product_tag-mixture","40":"product_tag-moss","41":"product_tag-mushroom","42":"product_tag-nature","43":"product_tag-nuts-seeds","44":"product_tag-oak","45":"product_tag-organic-shapes","46":"product_tag-pate","47":"product_tag-pear","48":"product_tag-pine","49":"product_tag-pumpkin","50":"product_tag-roasted","51":"product_tag-rustic","52":"product_tag-seasonal","53":"product_tag-soil","54":"product_tag-spices","55":"product_tag-squash","56":"product_tag-stuffing","57":"product_tag-walnut","58":"product_tag-warm-colors","59":"product_tag-warm-textures","60":"product_tag-wood","61":"product_tag-woodland","63":"first","64":"instock","65":"taxable","66":"shipping-taxable","67":"product-type-grouped"},"_links":{"self":[{"href":"https:\/\/shop.moldbrothers.com\/nl\/wp-json\/wp\/v2\/product\/171714","targetHints":{"allow":["GET"]}}],"collection":[{"href":"https:\/\/shop.moldbrothers.com\/nl\/wp-json\/wp\/v2\/product"}],"about":[{"href":"https:\/\/shop.moldbrothers.com\/nl\/wp-json\/wp\/v2\/types\/product"}],"wp:featuredmedia":[{"embeddable":true,"href":"https:\/\/shop.moldbrothers.com\/nl\/wp-json\/wp\/v2\/media\/171719"}],"wp:attachment":[{"href":"https:\/\/shop.moldbrothers.com\/nl\/wp-json\/wp\/v2\/media?parent=171714"}],"wp:term":[{"taxonomy":"product_brand","embeddable":true,"href":"https:\/\/shop.moldbrothers.com\/nl\/wp-json\/wp\/v2\/product_brand?post=171714"},{"taxonomy":"product_cat","embeddable":true,"href":"https:\/\/shop.moldbrothers.com\/nl\/wp-json\/wp\/v2\/product_cat?post=171714"},{"taxonomy":"product_tag","embeddable":true,"href":"https:\/\/shop.moldbrothers.com\/nl\/wp-json\/wp\/v2\/product_tag?post=171714"},{"taxonomy":"woo-feed-brand","embeddable":true,"href":"https:\/\/shop.moldbrothers.com\/nl\/wp-json\/wp\/v2\/woo-feed-brand?post=171714"}],"curies":[{"name":"wp","href":"https:\/\/api.w.org\/{rel}","templated":true}]}}