{"id":88248,"date":"2021-06-22T09:55:36","date_gmt":"2021-06-22T07:55:36","guid":{"rendered":"https:\/\/moldbrothers.nl\/?post_type=product&#038;p=88248"},"modified":"2026-03-30T11:51:19","modified_gmt":"2026-03-30T09:51:19","slug":"geometric-disc","status":"publish","type":"product","link":"https:\/\/shop.moldbrothers.com\/it\/prodotto-2\/geometric-disc\/","title":{"rendered":"Disco geometrico Mold"},"content":{"rendered":"","protected":false},"excerpt":{"rendered":"<p>Questo stampo in silicone di alta qualit\u00e0, a forma di disco geometrico, contiene 6 forme ed \u00e8 realizzato in silicone alimentare 100%. Lo stampo pu\u00f2 resistere a una temperatura compresa tra -40\u00b0C e +200\u00b0C. Lo stampo \u00e8 quindi adatto sia al congelatore (d'urto) che al forno.<\/p>","protected":false},"featured_media":88250,"template":"","meta":{"_seopress_robots_primary_cat":"none","_seopress_titles_title":"","_seopress_titles_desc":"","_seopress_robots_index":""},"product_brand":[],"product_cat":[159,229],"product_tag":[574,619,559,606,586],"woo-feed-brand":[],"class_list":{"0":"post-88248","1":"product","2":"type-product","3":"status-publish","4":"has-post-thumbnail","6":"product_cat-3dmolds","7":"product_cat-abstract","8":"product_tag-geometrisch","9":"product_tag-moul","10":"product_tag-moule","11":"product_tag-moulle","12":"product_tag-pastry","14":"first","15":"instock","16":"taxable","17":"shipping-taxable","18":"purchasable","19":"product-type-simple"},"_links":{"self":[{"href":"https:\/\/shop.moldbrothers.com\/it\/wp-json\/wp\/v2\/product\/88248","targetHints":{"allow":["GET"]}}],"collection":[{"href":"https:\/\/shop.moldbrothers.com\/it\/wp-json\/wp\/v2\/product"}],"about":[{"href":"https:\/\/shop.moldbrothers.com\/it\/wp-json\/wp\/v2\/types\/product"}],"wp:featuredmedia":[{"embeddable":true,"href":"https:\/\/shop.moldbrothers.com\/it\/wp-json\/wp\/v2\/media\/88250"}],"wp:attachment":[{"href":"https:\/\/shop.moldbrothers.com\/it\/wp-json\/wp\/v2\/media?parent=88248"}],"wp:term":[{"taxonomy":"product_brand","embeddable":true,"href":"https:\/\/shop.moldbrothers.com\/it\/wp-json\/wp\/v2\/product_brand?post=88248"},{"taxonomy":"product_cat","embeddable":true,"href":"https:\/\/shop.moldbrothers.com\/it\/wp-json\/wp\/v2\/product_cat?post=88248"},{"taxonomy":"product_tag","embeddable":true,"href":"https:\/\/shop.moldbrothers.com\/it\/wp-json\/wp\/v2\/product_tag?post=88248"},{"taxonomy":"woo-feed-brand","embeddable":true,"href":"https:\/\/shop.moldbrothers.com\/it\/wp-json\/wp\/v2\/woo-feed-brand?post=88248"}],"curies":[{"name":"wp","href":"https:\/\/api.w.org\/{rel}","templated":true}]}}