{"id":203324,"date":"2026-02-19T14:12:00","date_gmt":"2026-02-19T13:12:00","guid":{"rendered":"https:\/\/shop.moldbrothers.com\/?post_type=product&#038;p=203324"},"modified":"2026-05-05T12:00:59","modified_gmt":"2026-05-05T10:00:59","slug":"cylinder-h30","status":"publish","type":"product","link":"https:\/\/shop.moldbrothers.com\/it\/prodotto-2\/cylinder-h30\/","title":{"rendered":"Cilindro H30"},"content":{"rendered":"<p>I prodotti verranno spediti a partire da met\u00e0 giugno.<\/p>","protected":false},"excerpt":{"rendered":"<p>La serie Cylinder \u00e8 progettata per il trasporto di bocconcini o friandises. A differenza della Serie Cone, la superficie si trova sopra la base anzich\u00e9 al suo interno. Questo design \u00e8 stato scelto per creare un incavo pi\u00f9 profondo che pu\u00f2 essere riempito direttamente con grani, sale o qualsiasi altra base richiesta dalla preparazione. Da abbinare ai modelli H70 e H110 per creare diversi livelli di altezza sul tavolo.<\/p>\n<p><strong>I prodotti verranno spediti a partire da met\u00e0 giugno.<\/strong><\/p>","protected":false},"featured_media":203188,"template":"","meta":{"_seopress_robots_primary_cat":"none","_seopress_titles_title":"S\u014dkkel | Volume 1 | Cylinder H30 | MoldBrothers","_seopress_titles_desc":"The Cylinder Series is designed to carry bites or friandises. Unlike the Cone Series, the surface sits on top of the base rather than inside it.","_seopress_robots_index":""},"product_brand":[],"product_cat":[238],"product_tag":[],"woo-feed-brand":[],"class_list":{"0":"post-203324","1":"product","2":"type-product","3":"status-publish","4":"has-post-thumbnail","6":"product_cat-sokkel","8":"first","9":"instock","10":"taxable","11":"shipping-taxable","12":"purchasable","13":"product-type-variable"},"_links":{"self":[{"href":"https:\/\/shop.moldbrothers.com\/it\/wp-json\/wp\/v2\/product\/203324","targetHints":{"allow":["GET"]}}],"collection":[{"href":"https:\/\/shop.moldbrothers.com\/it\/wp-json\/wp\/v2\/product"}],"about":[{"href":"https:\/\/shop.moldbrothers.com\/it\/wp-json\/wp\/v2\/types\/product"}],"wp:featuredmedia":[{"embeddable":true,"href":"https:\/\/shop.moldbrothers.com\/it\/wp-json\/wp\/v2\/media\/203188"}],"wp:attachment":[{"href":"https:\/\/shop.moldbrothers.com\/it\/wp-json\/wp\/v2\/media?parent=203324"}],"wp:term":[{"taxonomy":"product_brand","embeddable":true,"href":"https:\/\/shop.moldbrothers.com\/it\/wp-json\/wp\/v2\/product_brand?post=203324"},{"taxonomy":"product_cat","embeddable":true,"href":"https:\/\/shop.moldbrothers.com\/it\/wp-json\/wp\/v2\/product_cat?post=203324"},{"taxonomy":"product_tag","embeddable":true,"href":"https:\/\/shop.moldbrothers.com\/it\/wp-json\/wp\/v2\/product_tag?post=203324"},{"taxonomy":"woo-feed-brand","embeddable":true,"href":"https:\/\/shop.moldbrothers.com\/it\/wp-json\/wp\/v2\/woo-feed-brand?post=203324"}],"curies":[{"name":"wp","href":"https:\/\/api.w.org\/{rel}","templated":true}]}}