{"id":201790,"date":"2026-03-31T14:26:40","date_gmt":"2026-03-31T12:26:40","guid":{"rendered":"https:\/\/shop.moldbrothers.com\/?post_type=product&#038;p=201790"},"modified":"2026-03-31T14:38:13","modified_gmt":"2026-03-31T12:38:13","slug":"honey-pressing-mold-large","status":"publish","type":"product","link":"https:\/\/shop.moldbrothers.com\/it\/prodotto-2\/honey-pressing-mold-large\/","title":{"rendered":"Pressatura del miele Mold Grande"},"content":{"rendered":"","protected":false},"excerpt":{"rendered":"<p>Uno stampo per pressatura in silicone di alta qualit\u00e0 progettato per creare una texture realistica a nido d'ape. Lo stampo \u00e8 dotato di una superficie di pressatura di 10 \u00d7 10 cm, che consente di creare croccantini a forma di quadrato, di cerchio o di altro tipo. <a href=\"https:\/\/shop.moldbrothers.com\/it\/categoria-prodotto-2\/stencils\/\" target=\"_blank\" rel=\"noopener\">stencil<\/a>.<\/p>\n<p>Questo stampo \u00e8 realizzato in SolidSil, la nostra formulazione di silicone pi\u00f9 rigida. Migliora il trasferimento dei dettagli e richiede una minore pressione durante l'uso. \u00c8 completamente alimentare e adatto a temperature comprese tra -40\u00b0C e +200\u00b0C.<\/p>","protected":false},"featured_media":201773,"template":"","meta":{"_seopress_robots_primary_cat":"none","_seopress_titles_title":"Realistic Honey Pressing Kit | SolidSil | MoldBrothers","_seopress_titles_desc":"A high-quality silicone pressing mold to shape a realistic honeycomb. The mold features a single square shape that can be cut into squares, circles, or quadrilaterals.\u00a0","_seopress_robots_index":""},"product_brand":[],"product_cat":[202,231],"product_tag":[],"woo-feed-brand":[],"class_list":{"0":"post-201790","1":"product","2":"type-product","3":"status-publish","4":"has-post-thumbnail","6":"product_cat-pressing-kits","7":"product_cat-hidden","9":"first","10":"instock","11":"taxable","12":"shipping-taxable","13":"purchasable","14":"product-type-simple"},"_links":{"self":[{"href":"https:\/\/shop.moldbrothers.com\/it\/wp-json\/wp\/v2\/product\/201790","targetHints":{"allow":["GET"]}}],"collection":[{"href":"https:\/\/shop.moldbrothers.com\/it\/wp-json\/wp\/v2\/product"}],"about":[{"href":"https:\/\/shop.moldbrothers.com\/it\/wp-json\/wp\/v2\/types\/product"}],"wp:featuredmedia":[{"embeddable":true,"href":"https:\/\/shop.moldbrothers.com\/it\/wp-json\/wp\/v2\/media\/201773"}],"wp:attachment":[{"href":"https:\/\/shop.moldbrothers.com\/it\/wp-json\/wp\/v2\/media?parent=201790"}],"wp:term":[{"taxonomy":"product_brand","embeddable":true,"href":"https:\/\/shop.moldbrothers.com\/it\/wp-json\/wp\/v2\/product_brand?post=201790"},{"taxonomy":"product_cat","embeddable":true,"href":"https:\/\/shop.moldbrothers.com\/it\/wp-json\/wp\/v2\/product_cat?post=201790"},{"taxonomy":"product_tag","embeddable":true,"href":"https:\/\/shop.moldbrothers.com\/it\/wp-json\/wp\/v2\/product_tag?post=201790"},{"taxonomy":"woo-feed-brand","embeddable":true,"href":"https:\/\/shop.moldbrothers.com\/it\/wp-json\/wp\/v2\/woo-feed-brand?post=201790"}],"curies":[{"name":"wp","href":"https:\/\/api.w.org\/{rel}","templated":true}]}}