{"id":200156,"date":"2026-04-14T11:09:25","date_gmt":"2026-04-14T09:09:25","guid":{"rendered":"https:\/\/shop.moldbrothers.com\/?post_type=product&#038;p=200156"},"modified":"2026-04-14T11:09:42","modified_gmt":"2026-04-14T09:09:42","slug":"flower-ring-mold","status":"publish","type":"product","link":"https:\/\/shop.moldbrothers.com\/it\/prodotto-2\/flower-ring-mold\/","title":{"rendered":"Anello a fiore Mold"},"content":{"rendered":"","protected":false},"excerpt":{"rendered":"<p>Uno stampo in silicone di alta qualit\u00e0 a forma di anello fiorito. Questo stampo presenta quattro cavit\u00e0, \u00e8 facile da sformare ed \u00e8 realizzato in silicone alimentare 100%.<\/p>\n<p>Resiste a temperature comprese tra -40\u00b0C e +200\u00b0C, il che lo rende adatto all'uso in congelatori e forni.<\/p>","protected":false},"featured_media":200188,"template":"","meta":{"_seopress_robots_primary_cat":"none","_seopress_titles_title":"Flower Ring Mold | Plated Dessert | MoldBrothers","_seopress_titles_desc":"This closed ring hints at a flower without literally being one. The small openings give you the freedom to fill each section individually and play with different elements.","_seopress_robots_index":""},"product_brand":[],"product_cat":[159,193],"product_tag":[],"woo-feed-brand":[],"class_list":{"0":"post-200156","1":"product","2":"type-product","3":"status-publish","4":"has-post-thumbnail","6":"product_cat-3dmolds","7":"product_cat-essentials","9":"first","10":"instock","11":"taxable","12":"shipping-taxable","13":"purchasable","14":"product-type-simple"},"_links":{"self":[{"href":"https:\/\/shop.moldbrothers.com\/it\/wp-json\/wp\/v2\/product\/200156","targetHints":{"allow":["GET"]}}],"collection":[{"href":"https:\/\/shop.moldbrothers.com\/it\/wp-json\/wp\/v2\/product"}],"about":[{"href":"https:\/\/shop.moldbrothers.com\/it\/wp-json\/wp\/v2\/types\/product"}],"wp:featuredmedia":[{"embeddable":true,"href":"https:\/\/shop.moldbrothers.com\/it\/wp-json\/wp\/v2\/media\/200188"}],"wp:attachment":[{"href":"https:\/\/shop.moldbrothers.com\/it\/wp-json\/wp\/v2\/media?parent=200156"}],"wp:term":[{"taxonomy":"product_brand","embeddable":true,"href":"https:\/\/shop.moldbrothers.com\/it\/wp-json\/wp\/v2\/product_brand?post=200156"},{"taxonomy":"product_cat","embeddable":true,"href":"https:\/\/shop.moldbrothers.com\/it\/wp-json\/wp\/v2\/product_cat?post=200156"},{"taxonomy":"product_tag","embeddable":true,"href":"https:\/\/shop.moldbrothers.com\/it\/wp-json\/wp\/v2\/product_tag?post=200156"},{"taxonomy":"woo-feed-brand","embeddable":true,"href":"https:\/\/shop.moldbrothers.com\/it\/wp-json\/wp\/v2\/woo-feed-brand?post=200156"}],"curies":[{"name":"wp","href":"https:\/\/api.w.org\/{rel}","templated":true}]}}