{"id":199946,"date":"2026-03-02T14:58:23","date_gmt":"2026-03-02T13:58:23","guid":{"rendered":"https:\/\/shop.moldbrothers.com\/?post_type=product&#038;p=199946"},"modified":"2026-03-30T09:43:34","modified_gmt":"2026-03-30T07:43:34","slug":"elevation-disk-mold","status":"publish","type":"product","link":"https:\/\/shop.moldbrothers.com\/it\/prodotto-2\/elevation-disk-mold\/","title":{"rendered":"Disco di elevazione Mold"},"content":{"rendered":"","protected":false},"excerpt":{"rendered":"<p>Stampo in silicone di alta qualit\u00e0 a forma di disco circolare topografico testurizzato. Lo stampo presenta quattro cavit\u00e0 ed \u00e8 realizzato in silicone alimentare 100%.<\/p>\n<p>Questo stampo \u00e8 in grado di resistere a temperature comprese tra -40\u00b0C e +200\u00b0C, il che lo rende adatto all'uso sia in congelatori (d'urto) che in forni.<\/p>","protected":false},"featured_media":199951,"template":"","meta":{"_seopress_robots_primary_cat":"none","_seopress_titles_title":"","_seopress_titles_desc":"","_seopress_robots_index":"yes"},"product_brand":[],"product_cat":[159,229,231],"product_tag":[],"woo-feed-brand":[],"class_list":{"0":"post-199946","1":"product","2":"type-product","3":"status-publish","4":"has-post-thumbnail","6":"product_cat-3dmolds","7":"product_cat-abstract","8":"product_cat-hidden","10":"first","11":"outofstock","12":"taxable","13":"shipping-taxable","14":"purchasable","15":"product-type-simple"},"_links":{"self":[{"href":"https:\/\/shop.moldbrothers.com\/it\/wp-json\/wp\/v2\/product\/199946","targetHints":{"allow":["GET"]}}],"collection":[{"href":"https:\/\/shop.moldbrothers.com\/it\/wp-json\/wp\/v2\/product"}],"about":[{"href":"https:\/\/shop.moldbrothers.com\/it\/wp-json\/wp\/v2\/types\/product"}],"wp:featuredmedia":[{"embeddable":true,"href":"https:\/\/shop.moldbrothers.com\/it\/wp-json\/wp\/v2\/media\/199951"}],"wp:attachment":[{"href":"https:\/\/shop.moldbrothers.com\/it\/wp-json\/wp\/v2\/media?parent=199946"}],"wp:term":[{"taxonomy":"product_brand","embeddable":true,"href":"https:\/\/shop.moldbrothers.com\/it\/wp-json\/wp\/v2\/product_brand?post=199946"},{"taxonomy":"product_cat","embeddable":true,"href":"https:\/\/shop.moldbrothers.com\/it\/wp-json\/wp\/v2\/product_cat?post=199946"},{"taxonomy":"product_tag","embeddable":true,"href":"https:\/\/shop.moldbrothers.com\/it\/wp-json\/wp\/v2\/product_tag?post=199946"},{"taxonomy":"woo-feed-brand","embeddable":true,"href":"https:\/\/shop.moldbrothers.com\/it\/wp-json\/wp\/v2\/woo-feed-brand?post=199946"}],"curies":[{"name":"wp","href":"https:\/\/api.w.org\/{rel}","templated":true}]}}