{"id":199141,"date":"2026-03-09T12:58:42","date_gmt":"2026-03-09T11:58:42","guid":{"rendered":"https:\/\/shop.moldbrothers.com\/?post_type=product&#038;p=199141"},"modified":"2026-03-30T09:31:06","modified_gmt":"2026-03-30T07:31:06","slug":"torique-mold","status":"publish","type":"product","link":"https:\/\/shop.moldbrothers.com\/it\/prodotto-2\/torique-mold\/","title":{"rendered":"Torique Mold"},"content":{"rendered":"","protected":false},"excerpt":{"rendered":"<p>Stampo in silicone di alta qualit\u00e0 a forma di piccola ciambella attorcigliata, contenente 8 forme e realizzato in silicone alimentare 100%. \u00c8 perfetto per piccole mousse, p\u00e2te de fruit e altri elementi secondari del piatto o del singolo boccone.<\/p>\n<p>Lo stampo resiste a temperature da -40\u00b0C a +200\u00b0C, rendendolo adatto all'uso sia nel congelatore che nel forno.<\/p>","protected":false},"featured_media":199572,"template":"","meta":{"_seopress_robots_primary_cat":"none","_seopress_titles_title":"Torique Mold | Single-Bite | MoldBrothers","_seopress_titles_desc":"","_seopress_robots_index":""},"product_brand":[],"product_cat":[159,193],"product_tag":[1285,1502,1503,1501],"woo-feed-brand":[],"class_list":{"0":"post-199141","1":"product","2":"type-product","3":"status-publish","4":"has-post-thumbnail","6":"product_cat-3dmolds","7":"product_cat-essentials","8":"product_tag-bite","9":"product_tag-single","10":"product_tag-single-bite-2","11":"product_tag-single-bite","13":"first","14":"instock","15":"taxable","16":"shipping-taxable","17":"purchasable","18":"product-type-simple"},"_links":{"self":[{"href":"https:\/\/shop.moldbrothers.com\/it\/wp-json\/wp\/v2\/product\/199141","targetHints":{"allow":["GET"]}}],"collection":[{"href":"https:\/\/shop.moldbrothers.com\/it\/wp-json\/wp\/v2\/product"}],"about":[{"href":"https:\/\/shop.moldbrothers.com\/it\/wp-json\/wp\/v2\/types\/product"}],"wp:featuredmedia":[{"embeddable":true,"href":"https:\/\/shop.moldbrothers.com\/it\/wp-json\/wp\/v2\/media\/199572"}],"wp:attachment":[{"href":"https:\/\/shop.moldbrothers.com\/it\/wp-json\/wp\/v2\/media?parent=199141"}],"wp:term":[{"taxonomy":"product_brand","embeddable":true,"href":"https:\/\/shop.moldbrothers.com\/it\/wp-json\/wp\/v2\/product_brand?post=199141"},{"taxonomy":"product_cat","embeddable":true,"href":"https:\/\/shop.moldbrothers.com\/it\/wp-json\/wp\/v2\/product_cat?post=199141"},{"taxonomy":"product_tag","embeddable":true,"href":"https:\/\/shop.moldbrothers.com\/it\/wp-json\/wp\/v2\/product_tag?post=199141"},{"taxonomy":"woo-feed-brand","embeddable":true,"href":"https:\/\/shop.moldbrothers.com\/it\/wp-json\/wp\/v2\/woo-feed-brand?post=199141"}],"curies":[{"name":"wp","href":"https:\/\/api.w.org\/{rel}","templated":true}]}}