{"id":193195,"date":"2025-11-20T15:30:09","date_gmt":"2025-11-20T14:30:09","guid":{"rendered":"https:\/\/shop.moldbrothers.com\/?post_type=product&#038;p=193195"},"modified":"2026-03-18T16:21:48","modified_gmt":"2026-03-18T15:21:48","slug":"layer-frames-small","status":"publish","type":"product","link":"https:\/\/shop.moldbrothers.com\/it\/prodotto-2\/layer-frames-small\/","title":{"rendered":"Cornici a strati piccole"},"content":{"rendered":"","protected":false},"excerpt":{"rendered":"<p>Un kit di cornici solido e di alta qualit\u00e0 per creazioni a strati come burro, ganache, marbr\u00e9, p\u00e2te de fruit e altro ancora. Si inizia con la base, poi si aggiungono una o pi\u00f9 cornici per creare strati ordinati e uniformi. \u00c8 facile da usare e ha un ottimo aspetto, il che lo rende perfetto per chiunque voglia che il proprio lavoro abbia un sapore e un aspetto di prim'ordine.<\/p>\n<p><strong>Il prodotto \u00e8 disponibile.<\/strong><\/p>","protected":false},"featured_media":193197,"template":"","meta":{"_seopress_robots_primary_cat":"none","_seopress_titles_title":"","_seopress_titles_desc":"","_seopress_robots_index":""},"product_brand":[],"product_cat":[192],"product_tag":[656,1500],"woo-feed-brand":[],"class_list":{"0":"post-193195","1":"product","2":"type-product","3":"status-publish","4":"has-post-thumbnail","6":"product_cat-kitchen-essentials","7":"product_tag-butter","8":"product_tag-terrine","10":"first","11":"instock","12":"sale","13":"taxable","14":"shipping-taxable","15":"product-type-grouped"},"_links":{"self":[{"href":"https:\/\/shop.moldbrothers.com\/it\/wp-json\/wp\/v2\/product\/193195","targetHints":{"allow":["GET"]}}],"collection":[{"href":"https:\/\/shop.moldbrothers.com\/it\/wp-json\/wp\/v2\/product"}],"about":[{"href":"https:\/\/shop.moldbrothers.com\/it\/wp-json\/wp\/v2\/types\/product"}],"wp:featuredmedia":[{"embeddable":true,"href":"https:\/\/shop.moldbrothers.com\/it\/wp-json\/wp\/v2\/media\/193197"}],"wp:attachment":[{"href":"https:\/\/shop.moldbrothers.com\/it\/wp-json\/wp\/v2\/media?parent=193195"}],"wp:term":[{"taxonomy":"product_brand","embeddable":true,"href":"https:\/\/shop.moldbrothers.com\/it\/wp-json\/wp\/v2\/product_brand?post=193195"},{"taxonomy":"product_cat","embeddable":true,"href":"https:\/\/shop.moldbrothers.com\/it\/wp-json\/wp\/v2\/product_cat?post=193195"},{"taxonomy":"product_tag","embeddable":true,"href":"https:\/\/shop.moldbrothers.com\/it\/wp-json\/wp\/v2\/product_tag?post=193195"},{"taxonomy":"woo-feed-brand","embeddable":true,"href":"https:\/\/shop.moldbrothers.com\/it\/wp-json\/wp\/v2\/woo-feed-brand?post=193195"}],"curies":[{"name":"wp","href":"https:\/\/api.w.org\/{rel}","templated":true}]}}