{"id":193166,"date":"2025-11-20T15:29:45","date_gmt":"2025-11-20T14:29:45","guid":{"rendered":"https:\/\/shop.moldbrothers.com\/?post_type=product&#038;p=193166"},"modified":"2025-12-11T09:02:12","modified_gmt":"2025-12-11T08:02:12","slug":"layer-frame-small-base","status":"publish","type":"product","link":"https:\/\/shop.moldbrothers.com\/it\/prodotto-2\/layer-frame-small-base\/","title":{"rendered":"Layer Frame Small &#8211; Base + 4x Pins"},"content":{"rendered":"","protected":false},"excerpt":{"rendered":"<p>Un kit di cornici solido e di alta qualit\u00e0 per creazioni a strati come burro, ganache, marbr\u00e9, p\u00e2te de fruit e altro ancora. Si inizia con la base, poi si aggiungono una o pi\u00f9 cornici per creare strati ordinati e uniformi. \u00c8 facile da usare e ha un ottimo aspetto, il che lo rende perfetto per chiunque voglia che il proprio lavoro abbia un sapore e un aspetto di prim'ordine.<\/p>","protected":false},"featured_media":193187,"template":"","meta":{"_seopress_robots_primary_cat":"none","_seopress_titles_title":"","_seopress_titles_desc":"","_seopress_robots_index":""},"product_brand":[],"product_cat":[184,231],"product_tag":[],"woo-feed-brand":[],"class_list":{"0":"post-193166","1":"product","2":"type-product","3":"status-publish","4":"has-post-thumbnail","6":"product_cat-highlighted-products","7":"product_cat-hidden","9":"first","10":"instock","11":"taxable","12":"shipping-taxable","13":"purchasable","14":"product-type-simple"},"_links":{"self":[{"href":"https:\/\/shop.moldbrothers.com\/it\/wp-json\/wp\/v2\/product\/193166","targetHints":{"allow":["GET"]}}],"collection":[{"href":"https:\/\/shop.moldbrothers.com\/it\/wp-json\/wp\/v2\/product"}],"about":[{"href":"https:\/\/shop.moldbrothers.com\/it\/wp-json\/wp\/v2\/types\/product"}],"wp:featuredmedia":[{"embeddable":true,"href":"https:\/\/shop.moldbrothers.com\/it\/wp-json\/wp\/v2\/media\/193187"}],"wp:attachment":[{"href":"https:\/\/shop.moldbrothers.com\/it\/wp-json\/wp\/v2\/media?parent=193166"}],"wp:term":[{"taxonomy":"product_brand","embeddable":true,"href":"https:\/\/shop.moldbrothers.com\/it\/wp-json\/wp\/v2\/product_brand?post=193166"},{"taxonomy":"product_cat","embeddable":true,"href":"https:\/\/shop.moldbrothers.com\/it\/wp-json\/wp\/v2\/product_cat?post=193166"},{"taxonomy":"product_tag","embeddable":true,"href":"https:\/\/shop.moldbrothers.com\/it\/wp-json\/wp\/v2\/product_tag?post=193166"},{"taxonomy":"woo-feed-brand","embeddable":true,"href":"https:\/\/shop.moldbrothers.com\/it\/wp-json\/wp\/v2\/woo-feed-brand?post=193166"}],"curies":[{"name":"wp","href":"https:\/\/api.w.org\/{rel}","templated":true}]}}