{"id":192829,"date":"2025-11-14T16:38:27","date_gmt":"2025-11-14T15:38:27","guid":{"rendered":"https:\/\/shop.moldbrothers.com\/?post_type=product&#038;p=192829"},"modified":"2026-03-25T08:55:05","modified_gmt":"2026-03-25T07:55:05","slug":"cloud-tartelette-mold-small","status":"publish","type":"product","link":"https:\/\/shop.moldbrothers.com\/it\/prodotto-2\/cloud-tartelette-mold-small\/","title":{"rendered":"Tartelette in vetro nuvola Mold"},"content":{"rendered":"<div class=\"grid grid-cols-1 lg:grid-cols-2 lg:gap-12\"><div class=\"col-span-1 self-center\"><figure class=\"h-[clamp(200px,40vw,600px)!important]\"><img decoding=\"async\" class=\"w-full h-full object-cover object-center rounded-2xl\" src=\"https:\/\/shop.moldbrothers.com\/wp-content\/uploads\/2022\/07\/DSC03279-scaled-e1684074511240.jpg\" alt=\"\" \/><\/figure><\/div><div class=\"col-span-1 self-center\"><div class=\"lg:pl-20\"><\/p>\n<h6>MoldBrothers TestKitchen Prodotto speciale<\/h6>\n<h2>Informazioni sul nostro laboratorio di analisi<\/h2>\n<p>La MoldBrothers TestKitchen, guidata dal capo chef Mike Cornelissen del ristorante Rijnzicht*, \u00e8 stata istituita per mantenere un collegamento costante con l'innovazione culinaria. \u00c8 il nostro laboratorio gastronomico per creare ispirazione e garantire che tutti i nostri prodotti offrano esperienze eccezionali. Realizzati dagli chef, per gli chef, esploriamo tecniche quasi impossibili che producono costantemente risultati notevoli, tra cui questo <em>TestKitchen Prodotto speciale<\/em>!<\/div><\/div><\/div>","protected":false},"excerpt":{"rendered":"<p>Uno stampo in silicone di alta qualit\u00e0 ispirato a un morbido cuscino a forma di nuvola. \u00c8 dotato di quattro mini forme per tartellette in vetro e pu\u00f2 essere utilizzato come pressa per tartellette o come stampo indipendente, perfetto per creazioni quali <a href=\"https:\/\/www.instagram.com\/moldbrotherstestkitchen\/\">marshmallow come ha dimostrato Mike.<\/a> Realizzato in silicone alimentare 100% e resistente da -40\u00b0C a +200\u00b0C, funziona perfettamente sia in freezer che in forno.<\/p>\n<p><strong>Stencil utilizzato da Mike<\/strong>: <a href=\"https:\/\/shop.moldbrothers.com\/it\/prodotto-2\/circle-stencils\/\" target=\"_blank\" rel=\"noopener\">Stencil cerchio 5,5 cm<\/a><\/p>","protected":false},"featured_media":192832,"template":"","meta":{"_seopress_robots_primary_cat":"none","_seopress_titles_title":"","_seopress_titles_desc":"","_seopress_robots_index":""},"product_brand":[],"product_cat":[913,910],"product_tag":[],"woo-feed-brand":[],"class_list":{"0":"post-192829","1":"product","2":"type-product","3":"status-publish","4":"has-post-thumbnail","6":"product_cat-tartelette-molds","7":"product_cat-test-kitchen","9":"first","10":"instock","11":"taxable","12":"shipping-taxable","13":"purchasable","14":"product-type-simple"},"_links":{"self":[{"href":"https:\/\/shop.moldbrothers.com\/it\/wp-json\/wp\/v2\/product\/192829","targetHints":{"allow":["GET"]}}],"collection":[{"href":"https:\/\/shop.moldbrothers.com\/it\/wp-json\/wp\/v2\/product"}],"about":[{"href":"https:\/\/shop.moldbrothers.com\/it\/wp-json\/wp\/v2\/types\/product"}],"wp:featuredmedia":[{"embeddable":true,"href":"https:\/\/shop.moldbrothers.com\/it\/wp-json\/wp\/v2\/media\/192832"}],"wp:attachment":[{"href":"https:\/\/shop.moldbrothers.com\/it\/wp-json\/wp\/v2\/media?parent=192829"}],"wp:term":[{"taxonomy":"product_brand","embeddable":true,"href":"https:\/\/shop.moldbrothers.com\/it\/wp-json\/wp\/v2\/product_brand?post=192829"},{"taxonomy":"product_cat","embeddable":true,"href":"https:\/\/shop.moldbrothers.com\/it\/wp-json\/wp\/v2\/product_cat?post=192829"},{"taxonomy":"product_tag","embeddable":true,"href":"https:\/\/shop.moldbrothers.com\/it\/wp-json\/wp\/v2\/product_tag?post=192829"},{"taxonomy":"woo-feed-brand","embeddable":true,"href":"https:\/\/shop.moldbrothers.com\/it\/wp-json\/wp\/v2\/woo-feed-brand?post=192829"}],"curies":[{"name":"wp","href":"https:\/\/api.w.org\/{rel}","templated":true}]}}