{"id":191473,"date":"2024-10-22T15:23:00","date_gmt":"2024-10-22T13:23:00","guid":{"rendered":"https:\/\/shop.moldbrothers.com\/?post_type=product&#038;p=191473"},"modified":"2025-12-23T11:42:59","modified_gmt":"2025-12-23T10:42:59","slug":"christmas-tree-tuille-mold","status":"publish","type":"product","link":"https:\/\/shop.moldbrothers.com\/it\/prodotto-2\/christmas-tree-tuille-mold\/","title":{"rendered":"Albero di Natale Tuille Mold"},"content":{"rendered":"","protected":false},"excerpt":{"rendered":"<p>Uno stampo in silicone di alta qualit\u00e0 contenente forme di alberi di Natale. Lo stampo presenta sei forme ed \u00e8 realizzato in silicone alimentare 100%. Questo stampo \u00e8 in grado di resistere a temperature comprese tra -40\u00b0C e +200\u00b0C, il che lo rende adatto all'uso sia in freezer che in forno.<\/p>","protected":false},"featured_media":191520,"template":"","meta":{"_seopress_robots_primary_cat":"none","_seopress_titles_title":"","_seopress_titles_desc":"","_seopress_robots_index":""},"product_brand":[],"product_cat":[228,203,184],"product_tag":[504,1491,1437,1465,1448,1466,503,1003,1000,1195,1002,500],"woo-feed-brand":[],"class_list":{"0":"post-191473","1":"product","2":"type-product","3":"status-publish","4":"has-post-thumbnail","6":"product_cat-2dmolds","7":"product_cat-graphic","8":"product_cat-highlighted-products","9":"product_tag-christmas","10":"product_tag-end-of-year","11":"product_tag-festive","12":"product_tag-hiver","13":"product_tag-holiday","14":"product_tag-inverno","15":"product_tag-kerst","16":"product_tag-navidad","17":"product_tag-noel","18":"product_tag-seasonal","19":"product_tag-weihnachten","20":"product_tag-winter","22":"first","23":"instock","24":"taxable","25":"shipping-taxable","26":"purchasable","27":"product-type-simple"},"_links":{"self":[{"href":"https:\/\/shop.moldbrothers.com\/it\/wp-json\/wp\/v2\/product\/191473","targetHints":{"allow":["GET"]}}],"collection":[{"href":"https:\/\/shop.moldbrothers.com\/it\/wp-json\/wp\/v2\/product"}],"about":[{"href":"https:\/\/shop.moldbrothers.com\/it\/wp-json\/wp\/v2\/types\/product"}],"wp:featuredmedia":[{"embeddable":true,"href":"https:\/\/shop.moldbrothers.com\/it\/wp-json\/wp\/v2\/media\/191520"}],"wp:attachment":[{"href":"https:\/\/shop.moldbrothers.com\/it\/wp-json\/wp\/v2\/media?parent=191473"}],"wp:term":[{"taxonomy":"product_brand","embeddable":true,"href":"https:\/\/shop.moldbrothers.com\/it\/wp-json\/wp\/v2\/product_brand?post=191473"},{"taxonomy":"product_cat","embeddable":true,"href":"https:\/\/shop.moldbrothers.com\/it\/wp-json\/wp\/v2\/product_cat?post=191473"},{"taxonomy":"product_tag","embeddable":true,"href":"https:\/\/shop.moldbrothers.com\/it\/wp-json\/wp\/v2\/product_tag?post=191473"},{"taxonomy":"woo-feed-brand","embeddable":true,"href":"https:\/\/shop.moldbrothers.com\/it\/wp-json\/wp\/v2\/woo-feed-brand?post=191473"}],"curies":[{"name":"wp","href":"https:\/\/api.w.org\/{rel}","templated":true}]}}