{"id":190254,"date":"2025-10-18T10:10:51","date_gmt":"2025-10-18T08:10:51","guid":{"rendered":"https:\/\/shop.moldbrothers.com\/?post_type=product&#038;p=190254"},"modified":"2026-02-26T10:26:02","modified_gmt":"2026-02-26T09:26:02","slug":"tooth-mille-feuille-mold","status":"publish","type":"product","link":"https:\/\/shop.moldbrothers.com\/it\/prodotto-2\/tooth-mille-feuille-mold\/","title":{"rendered":"Dente Millefoglie Mold"},"content":{"rendered":"","protected":false},"excerpt":{"rendered":"<p>Uno stampo \"SilverSil\" di alta qualit\u00e0 per realizzare un croccante ondulato, della forma desiderata. Questo silicone \u00e8 perfetto per trasmettere il calore, garantendo una cottura ancora migliore. Questo stampo \u00e8 realizzato in silicone alimentare 100% ed \u00e8 lo strumento di cottura ideale per le patatine ondulate dei prossimi anni, perch\u00e9 questo prodotto dura molto a lungo!<\/p>\n<p>Questo stampo \u00e8 in grado di resistere a temperature che vanno da -40\u00b0C a +250\u00b0C, il che lo rende adatto all'uso sia in congelatori (d'urto) che in forni.<\/p>","protected":false},"featured_media":190193,"template":"","meta":{"_seopress_robots_primary_cat":"none","_seopress_titles_title":"","_seopress_titles_desc":"","_seopress_robots_index":""},"product_brand":[],"product_cat":[159,193],"product_tag":[],"woo-feed-brand":[],"class_list":{"0":"post-190254","1":"product","2":"type-product","3":"status-publish","4":"has-post-thumbnail","6":"product_cat-3dmolds","7":"product_cat-essentials","9":"first","10":"instock","11":"taxable","12":"shipping-taxable","13":"purchasable","14":"product-type-simple"},"_links":{"self":[{"href":"https:\/\/shop.moldbrothers.com\/it\/wp-json\/wp\/v2\/product\/190254","targetHints":{"allow":["GET"]}}],"collection":[{"href":"https:\/\/shop.moldbrothers.com\/it\/wp-json\/wp\/v2\/product"}],"about":[{"href":"https:\/\/shop.moldbrothers.com\/it\/wp-json\/wp\/v2\/types\/product"}],"wp:featuredmedia":[{"embeddable":true,"href":"https:\/\/shop.moldbrothers.com\/it\/wp-json\/wp\/v2\/media\/190193"}],"wp:attachment":[{"href":"https:\/\/shop.moldbrothers.com\/it\/wp-json\/wp\/v2\/media?parent=190254"}],"wp:term":[{"taxonomy":"product_brand","embeddable":true,"href":"https:\/\/shop.moldbrothers.com\/it\/wp-json\/wp\/v2\/product_brand?post=190254"},{"taxonomy":"product_cat","embeddable":true,"href":"https:\/\/shop.moldbrothers.com\/it\/wp-json\/wp\/v2\/product_cat?post=190254"},{"taxonomy":"product_tag","embeddable":true,"href":"https:\/\/shop.moldbrothers.com\/it\/wp-json\/wp\/v2\/product_tag?post=190254"},{"taxonomy":"woo-feed-brand","embeddable":true,"href":"https:\/\/shop.moldbrothers.com\/it\/wp-json\/wp\/v2\/woo-feed-brand?post=190254"}],"curies":[{"name":"wp","href":"https:\/\/api.w.org\/{rel}","templated":true}]}}