{"id":188818,"date":"2025-09-15T14:06:00","date_gmt":"2025-09-15T12:06:00","guid":{"rendered":"https:\/\/shop.moldbrothers.com\/?post_type=product&#038;p=188818"},"modified":"2026-03-12T10:00:29","modified_gmt":"2026-03-12T09:00:29","slug":"bunuelos-pretzel","status":"publish","type":"product","link":"https:\/\/shop.moldbrothers.com\/it\/prodotto-2\/bunuelos-pretzel\/","title":{"rendered":"Pretzel Bu\u00f1uelos"},"content":{"rendered":"","protected":false},"excerpt":{"rendered":"<p data-pm-slice=\"0 0 []\">Questo timbro per Bu\u00f1uelos in alluminio di alta qualit\u00e0 a forma di classico Pretzel \u00e8 adatto a preparazioni sia calde che fredde. \u00c8 perfetto per realizzare crostatine di pastella croccante che possono essere poi riempite, offrendovi un modo unico di creare spuntini che gli ospiti ricorderanno.<\/p>","protected":false},"featured_media":188751,"template":"","meta":{"_seopress_robots_primary_cat":"none","_seopress_titles_title":"","_seopress_titles_desc":"","_seopress_robots_index":"yes"},"product_brand":[],"product_cat":[362],"product_tag":[],"woo-feed-brand":[],"class_list":{"0":"post-188818","1":"product","2":"type-product","3":"status-publish","4":"has-post-thumbnail","6":"product_cat-bunuelos-pie-tee","8":"first","9":"instock","10":"taxable","11":"shipping-taxable","12":"purchasable","13":"product-type-simple"},"_links":{"self":[{"href":"https:\/\/shop.moldbrothers.com\/it\/wp-json\/wp\/v2\/product\/188818","targetHints":{"allow":["GET"]}}],"collection":[{"href":"https:\/\/shop.moldbrothers.com\/it\/wp-json\/wp\/v2\/product"}],"about":[{"href":"https:\/\/shop.moldbrothers.com\/it\/wp-json\/wp\/v2\/types\/product"}],"wp:featuredmedia":[{"embeddable":true,"href":"https:\/\/shop.moldbrothers.com\/it\/wp-json\/wp\/v2\/media\/188751"}],"wp:attachment":[{"href":"https:\/\/shop.moldbrothers.com\/it\/wp-json\/wp\/v2\/media?parent=188818"}],"wp:term":[{"taxonomy":"product_brand","embeddable":true,"href":"https:\/\/shop.moldbrothers.com\/it\/wp-json\/wp\/v2\/product_brand?post=188818"},{"taxonomy":"product_cat","embeddable":true,"href":"https:\/\/shop.moldbrothers.com\/it\/wp-json\/wp\/v2\/product_cat?post=188818"},{"taxonomy":"product_tag","embeddable":true,"href":"https:\/\/shop.moldbrothers.com\/it\/wp-json\/wp\/v2\/product_tag?post=188818"},{"taxonomy":"woo-feed-brand","embeddable":true,"href":"https:\/\/shop.moldbrothers.com\/it\/wp-json\/wp\/v2\/woo-feed-brand?post=188818"}],"curies":[{"name":"wp","href":"https:\/\/api.w.org\/{rel}","templated":true}]}}