{"id":179552,"date":"2025-03-31T11:57:00","date_gmt":"2025-03-31T09:57:00","guid":{"rendered":"https:\/\/shop.moldbrothers.com\/?post_type=product&#038;p=179552"},"modified":"2025-10-27T15:12:09","modified_gmt":"2025-10-27T14:12:09","slug":"floral-pie-tee","status":"publish","type":"product","link":"https:\/\/shop.moldbrothers.com\/it\/prodotto-2\/floral-pie-tee\/","title":{"rendered":"Maglietta con torta floreale"},"content":{"rendered":"","protected":false},"excerpt":{"rendered":"<p>Questo timbro in metallo di alta qualit\u00e0 ha la forma di un disco con il contorno di un fiore e funziona perfettamente per preparazioni sia calde che fredde. \u00c8 ideale per creare tartellette croccanti e delicate con una pastella sottile: basta timbrare, cuocere e riempire con ci\u00f2 che si desidera. Un modo semplice per aggiungere un tocco raffinato e floreale alle vostre preparazioni.<\/p>","protected":false},"featured_media":179394,"template":"","meta":{"_seopress_robots_primary_cat":"none","_seopress_titles_title":"","_seopress_titles_desc":"","_seopress_robots_index":""},"product_brand":[],"product_cat":[362],"product_tag":[1162,1164,1163,1168,1169,1170,1166,1165,1157,1158,1167,1160,1161,1159,1114,1171],"woo-feed-brand":[],"class_list":{"0":"post-179552","1":"product","2":"type-product","3":"status-publish","4":"has-post-thumbnail","6":"product_cat-bunuelos-pie-tee","7":"product_tag-asian-snack","8":"product_tag-bloemenmotief","9":"product_tag-bloemig","10":"product_tag-bunga","11":"product_tag-delicatesse","12":"product_tag-feesthapje","13":"product_tag-finger-food","14":"product_tag-floral-design","15":"product_tag-floral-pie-tee","16":"product_tag-kuih-pie-tee","17":"product_tag-makanan","18":"product_tag-nyonya","19":"product_tag-peranakan","20":"product_tag-pie-tee","21":"product_tag-street-food","22":"product_tag-traditionele-snack","24":"first","25":"instock","26":"taxable","27":"shipping-taxable","28":"purchasable","29":"product-type-simple"},"_links":{"self":[{"href":"https:\/\/shop.moldbrothers.com\/it\/wp-json\/wp\/v2\/product\/179552","targetHints":{"allow":["GET"]}}],"collection":[{"href":"https:\/\/shop.moldbrothers.com\/it\/wp-json\/wp\/v2\/product"}],"about":[{"href":"https:\/\/shop.moldbrothers.com\/it\/wp-json\/wp\/v2\/types\/product"}],"wp:featuredmedia":[{"embeddable":true,"href":"https:\/\/shop.moldbrothers.com\/it\/wp-json\/wp\/v2\/media\/179394"}],"wp:attachment":[{"href":"https:\/\/shop.moldbrothers.com\/it\/wp-json\/wp\/v2\/media?parent=179552"}],"wp:term":[{"taxonomy":"product_brand","embeddable":true,"href":"https:\/\/shop.moldbrothers.com\/it\/wp-json\/wp\/v2\/product_brand?post=179552"},{"taxonomy":"product_cat","embeddable":true,"href":"https:\/\/shop.moldbrothers.com\/it\/wp-json\/wp\/v2\/product_cat?post=179552"},{"taxonomy":"product_tag","embeddable":true,"href":"https:\/\/shop.moldbrothers.com\/it\/wp-json\/wp\/v2\/product_tag?post=179552"},{"taxonomy":"woo-feed-brand","embeddable":true,"href":"https:\/\/shop.moldbrothers.com\/it\/wp-json\/wp\/v2\/woo-feed-brand?post=179552"}],"curies":[{"name":"wp","href":"https:\/\/api.w.org\/{rel}","templated":true}]}}