{"id":179530,"date":"2025-03-31T11:59:00","date_gmt":"2025-03-31T09:59:00","guid":{"rendered":"https:\/\/shop.moldbrothers.com\/?post_type=product&#038;p=179530"},"modified":"2026-03-25T08:44:05","modified_gmt":"2026-03-25T07:44:05","slug":"realistic-honeycomb-mold","status":"publish","type":"product","link":"https:\/\/shop.moldbrothers.com\/it\/prodotto-2\/realistic-honeycomb-mold\/","title":{"rendered":"Nido d'ape realistico Mold"},"content":{"rendered":"","protected":false},"excerpt":{"rendered":"<p>Uno stampo in silicone di alta qualit\u00e0 per realizzare favi super realistici. Con questo stampo \u00e8 possibile realizzare almeno 6 favi realistici. Lo stampo in silicone \u00e8 realizzato in silicone alimentare 100%. Possono resistere a temperature che vanno da -40\u00b0C a +200\u00b0C. Sono quindi adatti all'uso in congelatori e forni.<\/p>","protected":false},"featured_media":179402,"template":"","meta":{"_seopress_robots_primary_cat":"none","_seopress_titles_title":"","_seopress_titles_desc":"","_seopress_robots_index":""},"product_brand":[],"product_cat":[159,194],"product_tag":[1270,567,570,1273,1274,657,1264,1265,1269,1271,531,1267,1266,1268,1272],"woo-feed-brand":[],"class_list":{"0":"post-179530","1":"product","2":"type-product","3":"status-publish","4":"has-post-thumbnail","6":"product_cat-3dmolds","7":"product_cat-realistic","8":"product_tag-apiculture","9":"product_tag-bee","10":"product_tag-bij","11":"product_tag-biologische-honing","12":"product_tag-hexagon","13":"product_tag-honey","14":"product_tag-honeycomb","15":"product_tag-honingraat","16":"product_tag-imkerij","17":"product_tag-miel","18":"product_tag-natuur","19":"product_tag-panal","20":"product_tag-rayon-de-miel","21":"product_tag-waben","22":"product_tag-zoet","24":"first","25":"instock","26":"taxable","27":"shipping-taxable","28":"purchasable","29":"product-type-simple"},"_links":{"self":[{"href":"https:\/\/shop.moldbrothers.com\/it\/wp-json\/wp\/v2\/product\/179530","targetHints":{"allow":["GET"]}}],"collection":[{"href":"https:\/\/shop.moldbrothers.com\/it\/wp-json\/wp\/v2\/product"}],"about":[{"href":"https:\/\/shop.moldbrothers.com\/it\/wp-json\/wp\/v2\/types\/product"}],"wp:featuredmedia":[{"embeddable":true,"href":"https:\/\/shop.moldbrothers.com\/it\/wp-json\/wp\/v2\/media\/179402"}],"wp:attachment":[{"href":"https:\/\/shop.moldbrothers.com\/it\/wp-json\/wp\/v2\/media?parent=179530"}],"wp:term":[{"taxonomy":"product_brand","embeddable":true,"href":"https:\/\/shop.moldbrothers.com\/it\/wp-json\/wp\/v2\/product_brand?post=179530"},{"taxonomy":"product_cat","embeddable":true,"href":"https:\/\/shop.moldbrothers.com\/it\/wp-json\/wp\/v2\/product_cat?post=179530"},{"taxonomy":"product_tag","embeddable":true,"href":"https:\/\/shop.moldbrothers.com\/it\/wp-json\/wp\/v2\/product_tag?post=179530"},{"taxonomy":"woo-feed-brand","embeddable":true,"href":"https:\/\/shop.moldbrothers.com\/it\/wp-json\/wp\/v2\/woo-feed-brand?post=179530"}],"curies":[{"name":"wp","href":"https:\/\/api.w.org\/{rel}","templated":true}]}}