{"id":169878,"date":"2024-09-18T13:38:57","date_gmt":"2024-09-18T11:38:57","guid":{"rendered":"https:\/\/shop.moldbrothers.com\/?post_type=product&#038;p=169878"},"modified":"2025-10-20T12:23:17","modified_gmt":"2025-10-20T10:23:17","slug":"autumn-tuille-sheet-chestnut","status":"publish","type":"product","link":"https:\/\/shop.moldbrothers.com\/it\/prodotto-2\/autumn-tuille-sheet-chestnut\/","title":{"rendered":"Tuille d'autunno - Castagno"},"content":{"rendered":"<p><\/p>\n\n\n\n<p><\/p>\n\n\n\n<p><\/p>","protected":false},"excerpt":{"rendered":"<p>Uno stampo in silicone di alta qualit\u00e0 a forma di foglia di castagno. Lo stampo \u00e8 dotato di 30 forme. Questo stampo in silicone \u00e8 realizzato in silicone alimentare 100%.<\/p>\n<p>Pu\u00f2 resistere a temperature che vanno da -40\u00b0C a +200\u00b0C, il che lo rende adatto all'uso sia in congelatori (d'urto) che in forni.<\/p>","protected":false},"featured_media":169890,"template":"","meta":{"_seopress_robots_primary_cat":"none","_seopress_titles_title":"","_seopress_titles_desc":"","_seopress_robots_index":"yes"},"product_brand":[],"product_cat":[228,237,231],"product_tag":[],"woo-feed-brand":[],"class_list":{"0":"post-169878","1":"product","2":"type-product","3":"status-publish","4":"has-post-thumbnail","6":"product_cat-2dmolds","7":"product_cat-natural","8":"product_cat-hidden","10":"first","11":"instock","12":"taxable","13":"shipping-taxable","14":"purchasable","15":"product-type-simple"},"_links":{"self":[{"href":"https:\/\/shop.moldbrothers.com\/it\/wp-json\/wp\/v2\/product\/169878","targetHints":{"allow":["GET"]}}],"collection":[{"href":"https:\/\/shop.moldbrothers.com\/it\/wp-json\/wp\/v2\/product"}],"about":[{"href":"https:\/\/shop.moldbrothers.com\/it\/wp-json\/wp\/v2\/types\/product"}],"wp:featuredmedia":[{"embeddable":true,"href":"https:\/\/shop.moldbrothers.com\/it\/wp-json\/wp\/v2\/media\/169890"}],"wp:attachment":[{"href":"https:\/\/shop.moldbrothers.com\/it\/wp-json\/wp\/v2\/media?parent=169878"}],"wp:term":[{"taxonomy":"product_brand","embeddable":true,"href":"https:\/\/shop.moldbrothers.com\/it\/wp-json\/wp\/v2\/product_brand?post=169878"},{"taxonomy":"product_cat","embeddable":true,"href":"https:\/\/shop.moldbrothers.com\/it\/wp-json\/wp\/v2\/product_cat?post=169878"},{"taxonomy":"product_tag","embeddable":true,"href":"https:\/\/shop.moldbrothers.com\/it\/wp-json\/wp\/v2\/product_tag?post=169878"},{"taxonomy":"woo-feed-brand","embeddable":true,"href":"https:\/\/shop.moldbrothers.com\/it\/wp-json\/wp\/v2\/woo-feed-brand?post=169878"}],"curies":[{"name":"wp","href":"https:\/\/api.w.org\/{rel}","templated":true}]}}