{"id":169824,"date":"2024-08-18T12:01:00","date_gmt":"2024-08-18T10:01:00","guid":{"rendered":"https:\/\/shop.moldbrothers.com\/?post_type=product&#038;p=169824"},"modified":"2026-02-25T11:02:23","modified_gmt":"2026-02-25T10:02:23","slug":"cylinder-taco-rolling-pin","status":"publish","type":"product","link":"https:\/\/shop.moldbrothers.com\/it\/prodotto-2\/cylinder-taco-rolling-pin\/","title":{"rendered":"Mattarello - \u00f8 1,8 cm"},"content":{"rendered":"","protected":false},"excerpt":{"rendered":"<p>Un \"mattarello\" in acciaio inossidabile di alta qualit\u00e0. Questo spillo \u00e8 lungo 12 cm e ha un diametro di 1,8 cm, prodotto nei Paesi Bassi. Questo prodotto \u00e8 sicuro per il contatto con gli alimenti e pu\u00f2 resistere ad alte temperature, se necessario, nel forno.<\/p>","protected":false},"featured_media":199553,"template":"","meta":{"_seopress_robots_primary_cat":"none","_seopress_titles_title":"","_seopress_titles_desc":"","_seopress_robots_index":""},"product_brand":[],"product_cat":[192],"product_tag":[],"woo-feed-brand":[],"class_list":{"0":"post-169824","1":"product","2":"type-product","3":"status-publish","4":"has-post-thumbnail","6":"product_cat-kitchen-essentials","8":"first","9":"instock","10":"taxable","11":"shipping-taxable","12":"purchasable","13":"product-type-simple"},"_links":{"self":[{"href":"https:\/\/shop.moldbrothers.com\/it\/wp-json\/wp\/v2\/product\/169824","targetHints":{"allow":["GET"]}}],"collection":[{"href":"https:\/\/shop.moldbrothers.com\/it\/wp-json\/wp\/v2\/product"}],"about":[{"href":"https:\/\/shop.moldbrothers.com\/it\/wp-json\/wp\/v2\/types\/product"}],"wp:featuredmedia":[{"embeddable":true,"href":"https:\/\/shop.moldbrothers.com\/it\/wp-json\/wp\/v2\/media\/199553"}],"wp:attachment":[{"href":"https:\/\/shop.moldbrothers.com\/it\/wp-json\/wp\/v2\/media?parent=169824"}],"wp:term":[{"taxonomy":"product_brand","embeddable":true,"href":"https:\/\/shop.moldbrothers.com\/it\/wp-json\/wp\/v2\/product_brand?post=169824"},{"taxonomy":"product_cat","embeddable":true,"href":"https:\/\/shop.moldbrothers.com\/it\/wp-json\/wp\/v2\/product_cat?post=169824"},{"taxonomy":"product_tag","embeddable":true,"href":"https:\/\/shop.moldbrothers.com\/it\/wp-json\/wp\/v2\/product_tag?post=169824"},{"taxonomy":"woo-feed-brand","embeddable":true,"href":"https:\/\/shop.moldbrothers.com\/it\/wp-json\/wp\/v2\/woo-feed-brand?post=169824"}],"curies":[{"name":"wp","href":"https:\/\/api.w.org\/{rel}","templated":true}]}}