{"id":168932,"date":"2024-09-04T12:57:27","date_gmt":"2024-09-04T10:57:27","guid":{"rendered":"https:\/\/shop.moldbrothers.com\/?post_type=product&#038;p=168932"},"modified":"2025-06-25T19:02:09","modified_gmt":"2025-06-25T17:02:09","slug":"turbot-farce-mold","status":"publish","type":"product","link":"https:\/\/shop.moldbrothers.com\/it\/prodotto-2\/turbot-farce-mold\/","title":{"rendered":"Rombo Farce Mold"},"content":{"rendered":"<div class=\"wp-block-columns is-layout-flex wp-container-core-columns-is-layout-9d6595d7 wp-block-columns-is-layout-flex\">\n<div class=\"wp-block-column is-vertically-aligned-center is-layout-flow wp-block-column-is-layout-flow\" style=\"flex-basis:50%\"><div class=\"wp-block-image is-style-default\">\n<figure class=\"alignright size-full\"><a href=\"https:\/\/shop.moldbrothers.com\/wp-content\/uploads\/2024\/09\/cielblue_2.png\"><img decoding=\"async\" width=\"750\" height=\"750\" src=\"https:\/\/shop.moldbrothers.com\/wp-content\/uploads\/2024\/09\/cielblue_2.png\" alt=\"\" class=\"wp-image-168942\" style=\"object-fit:cover\" srcset=\"https:\/\/shop.moldbrothers.com\/wp-content\/uploads\/2024\/09\/cielblue_2.png 750w, https:\/\/shop.moldbrothers.com\/wp-content\/uploads\/2024\/09\/cielblue_2-150x150.png 150w, https:\/\/shop.moldbrothers.com\/wp-content\/uploads\/2024\/09\/cielblue_2-12x12.png 12w, https:\/\/shop.moldbrothers.com\/wp-content\/uploads\/2024\/09\/cielblue_2-100x100.png 100w\" sizes=\"(max-width: 750px) 100vw, 750px\" \/><\/a><\/figure>\n<\/div><\/div>\n\n\n\n<div class=\"wp-block-column is-layout-flow wp-block-column-is-layout-flow\" style=\"flex-basis:35.09%\">\n<h6 class=\"wp-block-heading\">Collaborazione<\/h6>\n\n\n\n<h2 class=\"wp-block-heading\">Informazioni sugli chef<\/h2>\n\n\n\n<p>Mike Klaassen, ex candidato al Bocuse d'Or, ha avuto la brillante idea di creare un Farce Mold a base di branzino e rombo. Arjan Speelman, executive chef e direttore del Ciel Blue** dell'Hotel Okura Amsterdam, gli ha dato l'opportunit\u00e0 di sviluppare ulteriormente questa idea. Attualmente Mike ricopre il ruolo di Chef de Cuisine al Ciel Blue, dopo aver maturato una vasta esperienza in et\u00e0 molto giovane presso ristoranti come il Restaurant Amber** di Hong Kong e The French Laundry*** in California.<\/p>\n\n\n\n<figure class=\"wp-block-image size-full is-resized\"><a href=\"https:\/\/shop.moldbrothers.com\/wp-content\/uploads\/2024\/09\/cielblue-logo.png\"><img decoding=\"async\" width=\"750\" height=\"750\" src=\"https:\/\/shop.moldbrothers.com\/wp-content\/uploads\/2024\/09\/cielblue-logo.png\" alt=\"\" class=\"wp-image-168941\" style=\"width:160px\" srcset=\"https:\/\/shop.moldbrothers.com\/wp-content\/uploads\/2024\/09\/cielblue-logo.png 750w, https:\/\/shop.moldbrothers.com\/wp-content\/uploads\/2024\/09\/cielblue-logo-150x150.png 150w, https:\/\/shop.moldbrothers.com\/wp-content\/uploads\/2024\/09\/cielblue-logo-12x12.png 12w, https:\/\/shop.moldbrothers.com\/wp-content\/uploads\/2024\/09\/cielblue-logo-100x100.png 100w\" sizes=\"(max-width: 750px) 100vw, 750px\" \/><\/a><\/figure>\n<\/div>\n<\/div>\n\n\n\n<p><\/p>","protected":false},"excerpt":{"rendered":"<p>Uno stampo in silicone di alta qualit\u00e0 con la pelle di un rombo, in alta risoluzione. Questo stampo contiene 1 forma ed \u00e8 realizzato in silicone alimentare 100%. Lo stampo pu\u00f2 resistere a una temperatura compresa tra -40 \u00b0C e +200 \u00b0C. Lo stampo \u00e8 quindi adatto sia al congelatore che al forno.<\/p>\n<p><em>*In aggiunta, riceverete una scheda di ricetta cartacea dello chef Mike Klaassen e di Arjan Speelman, di Ciel Blue**, con la ricetta per preparare la loro farsa di rombo!<\/em><\/p>","protected":false},"featured_media":168933,"template":"","meta":{"_seopress_robots_primary_cat":"none","_seopress_titles_title":"","_seopress_titles_desc":"","_seopress_robots_index":""},"product_brand":[],"product_cat":[159,194],"product_tag":[515,497,498],"woo-feed-brand":[],"class_list":{"0":"post-168932","1":"product","2":"type-product","3":"status-publish","4":"has-post-thumbnail","6":"product_cat-3dmolds","7":"product_cat-realistic","8":"product_tag-farce","9":"product_tag-fish","10":"product_tag-sea","12":"first","13":"instock","14":"taxable","15":"shipping-taxable","16":"purchasable","17":"product-type-simple"},"_links":{"self":[{"href":"https:\/\/shop.moldbrothers.com\/it\/wp-json\/wp\/v2\/product\/168932","targetHints":{"allow":["GET"]}}],"collection":[{"href":"https:\/\/shop.moldbrothers.com\/it\/wp-json\/wp\/v2\/product"}],"about":[{"href":"https:\/\/shop.moldbrothers.com\/it\/wp-json\/wp\/v2\/types\/product"}],"wp:featuredmedia":[{"embeddable":true,"href":"https:\/\/shop.moldbrothers.com\/it\/wp-json\/wp\/v2\/media\/168933"}],"wp:attachment":[{"href":"https:\/\/shop.moldbrothers.com\/it\/wp-json\/wp\/v2\/media?parent=168932"}],"wp:term":[{"taxonomy":"product_brand","embeddable":true,"href":"https:\/\/shop.moldbrothers.com\/it\/wp-json\/wp\/v2\/product_brand?post=168932"},{"taxonomy":"product_cat","embeddable":true,"href":"https:\/\/shop.moldbrothers.com\/it\/wp-json\/wp\/v2\/product_cat?post=168932"},{"taxonomy":"product_tag","embeddable":true,"href":"https:\/\/shop.moldbrothers.com\/it\/wp-json\/wp\/v2\/product_tag?post=168932"},{"taxonomy":"woo-feed-brand","embeddable":true,"href":"https:\/\/shop.moldbrothers.com\/it\/wp-json\/wp\/v2\/woo-feed-brand?post=168932"}],"curies":[{"name":"wp","href":"https:\/\/api.w.org\/{rel}","templated":true}]}}