{"id":167446,"date":"2024-07-30T15:00:10","date_gmt":"2024-07-30T13:00:10","guid":{"rendered":"https:\/\/shop.moldbrothers.com\/?post_type=product&#038;p=167446"},"modified":"2025-10-20T12:35:47","modified_gmt":"2025-10-20T10:35:47","slug":"volute-tuille-mold","status":"publish","type":"product","link":"https:\/\/shop.moldbrothers.com\/it\/prodotto-2\/volute-tuille-mold\/","title":{"rendered":"Volute Tuille Mold"},"content":{"rendered":"","protected":false},"excerpt":{"rendered":"<p>Questo stampo in silicone di alta qualit\u00e0, a forma di ramoscello con piccole foglie, presenta 4 forme ed \u00e8 realizzato in silicone alimentare 100%. Pu\u00f2 resistere a temperature comprese tra -40\u00b0C e +200\u00b0C, il che lo rende adatto all'uso sia in freezer che in forno.<\/p>","protected":false},"featured_media":167442,"template":"","meta":{"_seopress_robots_primary_cat":"none","_seopress_titles_title":"","_seopress_titles_desc":"","_seopress_robots_index":""},"product_brand":[],"product_cat":[228,237],"product_tag":[804,659,538,537,963,495,781],"woo-feed-brand":[],"class_list":{"0":"post-167446","1":"product","2":"type-product","3":"status-publish","4":"has-post-thumbnail","6":"product_cat-2dmolds","7":"product_cat-natural","8":"product_tag-branche","9":"product_tag-langoustine","10":"product_tag-leaf","11":"product_tag-leaves","12":"product_tag-sprig","13":"product_tag-tuile","14":"product_tag-twig","16":"first","17":"instock","18":"taxable","19":"shipping-taxable","20":"purchasable","21":"product-type-simple"},"_links":{"self":[{"href":"https:\/\/shop.moldbrothers.com\/it\/wp-json\/wp\/v2\/product\/167446","targetHints":{"allow":["GET"]}}],"collection":[{"href":"https:\/\/shop.moldbrothers.com\/it\/wp-json\/wp\/v2\/product"}],"about":[{"href":"https:\/\/shop.moldbrothers.com\/it\/wp-json\/wp\/v2\/types\/product"}],"wp:featuredmedia":[{"embeddable":true,"href":"https:\/\/shop.moldbrothers.com\/it\/wp-json\/wp\/v2\/media\/167442"}],"wp:attachment":[{"href":"https:\/\/shop.moldbrothers.com\/it\/wp-json\/wp\/v2\/media?parent=167446"}],"wp:term":[{"taxonomy":"product_brand","embeddable":true,"href":"https:\/\/shop.moldbrothers.com\/it\/wp-json\/wp\/v2\/product_brand?post=167446"},{"taxonomy":"product_cat","embeddable":true,"href":"https:\/\/shop.moldbrothers.com\/it\/wp-json\/wp\/v2\/product_cat?post=167446"},{"taxonomy":"product_tag","embeddable":true,"href":"https:\/\/shop.moldbrothers.com\/it\/wp-json\/wp\/v2\/product_tag?post=167446"},{"taxonomy":"woo-feed-brand","embeddable":true,"href":"https:\/\/shop.moldbrothers.com\/it\/wp-json\/wp\/v2\/woo-feed-brand?post=167446"}],"curies":[{"name":"wp","href":"https:\/\/api.w.org\/{rel}","templated":true}]}}