{"id":163965,"date":"2024-05-07T09:26:26","date_gmt":"2024-05-07T07:26:26","guid":{"rendered":"https:\/\/shop.moldbrothers.com\/?post_type=product&#038;p=163965"},"modified":"2025-10-20T15:09:46","modified_gmt":"2025-10-20T13:09:46","slug":"ribble-tartelette-mold-large","status":"publish","type":"product","link":"https:\/\/shop.moldbrothers.com\/it\/prodotto-2\/ribble-tartelette-mold-large\/","title":{"rendered":"Ribble Tartelette Mold Grande"},"content":{"rendered":"","protected":false},"excerpt":{"rendered":"<p>Questo stampo in silicone di alta qualit\u00e0 \u00e8 stato progettato per realizzare tartellette pi\u00f9 grandi. Presenta 3 forme, tutte realizzate in silicone alimentare 100%. Lo stampo \u00e8 in grado di resistere a temperature comprese tra -40\u00b0C e +200\u00b0C, quindi \u00e8 adatto all'uso sia in freezer che in forno.<\/p>","protected":false},"featured_media":163966,"template":"","meta":{"_seopress_robots_primary_cat":"none","_seopress_titles_title":"","_seopress_titles_desc":"","_seopress_robots_index":""},"product_brand":[],"product_cat":[913],"product_tag":[759,802,757,1035,755,758,756],"woo-feed-brand":[],"class_list":{"0":"post-163965","1":"product","2":"type-product","3":"status-publish","4":"has-post-thumbnail","6":"product_cat-tartelette-molds","7":"product_tag-dough","8":"product_tag-original","9":"product_tag-tart","10":"product_tag-tartalette","11":"product_tag-tartelette","12":"product_tag-tartellete","13":"product_tag-tartellette","15":"first","16":"instock","17":"taxable","18":"shipping-taxable","19":"purchasable","20":"product-type-simple"},"_links":{"self":[{"href":"https:\/\/shop.moldbrothers.com\/it\/wp-json\/wp\/v2\/product\/163965","targetHints":{"allow":["GET"]}}],"collection":[{"href":"https:\/\/shop.moldbrothers.com\/it\/wp-json\/wp\/v2\/product"}],"about":[{"href":"https:\/\/shop.moldbrothers.com\/it\/wp-json\/wp\/v2\/types\/product"}],"wp:featuredmedia":[{"embeddable":true,"href":"https:\/\/shop.moldbrothers.com\/it\/wp-json\/wp\/v2\/media\/163966"}],"wp:attachment":[{"href":"https:\/\/shop.moldbrothers.com\/it\/wp-json\/wp\/v2\/media?parent=163965"}],"wp:term":[{"taxonomy":"product_brand","embeddable":true,"href":"https:\/\/shop.moldbrothers.com\/it\/wp-json\/wp\/v2\/product_brand?post=163965"},{"taxonomy":"product_cat","embeddable":true,"href":"https:\/\/shop.moldbrothers.com\/it\/wp-json\/wp\/v2\/product_cat?post=163965"},{"taxonomy":"product_tag","embeddable":true,"href":"https:\/\/shop.moldbrothers.com\/it\/wp-json\/wp\/v2\/product_tag?post=163965"},{"taxonomy":"woo-feed-brand","embeddable":true,"href":"https:\/\/shop.moldbrothers.com\/it\/wp-json\/wp\/v2\/woo-feed-brand?post=163965"}],"curies":[{"name":"wp","href":"https:\/\/api.w.org\/{rel}","templated":true}]}}