{"id":161148,"date":"2024-02-29T13:23:51","date_gmt":"2024-02-29T12:23:51","guid":{"rendered":"https:\/\/shop.moldbrothers.com\/?post_type=product&#038;p=161148"},"modified":"2024-04-09T12:29:05","modified_gmt":"2024-04-09T10:29:05","slug":"flower-8-cutters","status":"publish","type":"product","link":"https:\/\/shop.moldbrothers.com\/it\/prodotto-2\/flower-8-cutters\/","title":{"rendered":"Fiori 8 Taglierine"},"content":{"rendered":"","protected":false},"excerpt":{"rendered":"<p>Vi presentiamo i nostri taglierini in plastica Flower 8, progettati per spingere le vostre abilit\u00e0 culinarie! Realizzati con precisione e praticit\u00e0, questi taglierini sono perfetti per dare forma a gelatine, verdure (cotte), frutta e altro ancora. Disponibili in quattro versatili misure, da 1 a 5 cm circa.<\/p>\n<p>Sebbene queste taglierine siano lavabili in lavastoviglie, si consiglia di utilizzare una temperatura pi\u00f9 bassa per preservare l'integrit\u00e0 delle propriet\u00e0 termiche della plastica. Per una durata ottimale, si consiglia il lavaggio a mano.<\/p>","protected":false},"featured_media":161160,"template":"","meta":{"_seopress_robots_primary_cat":"none","_seopress_titles_title":"","_seopress_titles_desc":"","_seopress_robots_index":"yes"},"product_brand":[],"product_cat":[192,231],"product_tag":[790,786,789,788,787],"woo-feed-brand":[],"class_list":{"0":"post-161148","1":"product","2":"type-product","3":"status-publish","4":"has-post-thumbnail","6":"product_cat-kitchen-essentials","7":"product_cat-hidden","8":"product_tag-cut","9":"product_tag-cutter","10":"product_tag-plastic","11":"product_tag-punch","12":"product_tag-puncher","14":"first","15":"instock","16":"taxable","17":"shipping-taxable","18":"purchasable","19":"product-type-simple"},"_links":{"self":[{"href":"https:\/\/shop.moldbrothers.com\/it\/wp-json\/wp\/v2\/product\/161148","targetHints":{"allow":["GET"]}}],"collection":[{"href":"https:\/\/shop.moldbrothers.com\/it\/wp-json\/wp\/v2\/product"}],"about":[{"href":"https:\/\/shop.moldbrothers.com\/it\/wp-json\/wp\/v2\/types\/product"}],"wp:featuredmedia":[{"embeddable":true,"href":"https:\/\/shop.moldbrothers.com\/it\/wp-json\/wp\/v2\/media\/161160"}],"wp:attachment":[{"href":"https:\/\/shop.moldbrothers.com\/it\/wp-json\/wp\/v2\/media?parent=161148"}],"wp:term":[{"taxonomy":"product_brand","embeddable":true,"href":"https:\/\/shop.moldbrothers.com\/it\/wp-json\/wp\/v2\/product_brand?post=161148"},{"taxonomy":"product_cat","embeddable":true,"href":"https:\/\/shop.moldbrothers.com\/it\/wp-json\/wp\/v2\/product_cat?post=161148"},{"taxonomy":"product_tag","embeddable":true,"href":"https:\/\/shop.moldbrothers.com\/it\/wp-json\/wp\/v2\/product_tag?post=161148"},{"taxonomy":"woo-feed-brand","embeddable":true,"href":"https:\/\/shop.moldbrothers.com\/it\/wp-json\/wp\/v2\/woo-feed-brand?post=161148"}],"curies":[{"name":"wp","href":"https:\/\/api.w.org\/{rel}","templated":true}]}}