{"id":160644,"date":"2024-02-20T15:05:07","date_gmt":"2024-02-20T14:05:07","guid":{"rendered":"https:\/\/shop.moldbrothers.com\/?post_type=product&#038;p=160644"},"modified":"2025-09-30T10:54:57","modified_gmt":"2025-09-30T08:54:57","slug":"wave-pressing-stencil","status":"publish","type":"product","link":"https:\/\/shop.moldbrothers.com\/it\/prodotto-2\/wave-pressing-stencil\/","title":{"rendered":"Wave Pressing &#8211; Stencil"},"content":{"rendered":"","protected":false},"excerpt":{"rendered":"<p>Stampo in silicone di alta qualit\u00e0 a forma di onda. Lo stampo presenta un'unica forma ed \u00e8 realizzato in silicone alimentare 100%. Lo stencil, a forma di trave, \u00e8 realizzato in acrilico di 1 mm di spessore e contiene 20 forme, perfettamente progettate per essere utilizzate con la Wave Press.<\/p>\n<p>Lo stencil non \u00e8 lavabile in lavastoviglie. Si consiglia di sciacquarlo con acqua tiepida (40\u00b0C) senza utilizzare alcun detergente. Lo stampo \u00e8 resistente a temperature che vanno da -40\u00b0C a +200\u00b0C, il che lo rende adatto all'uso sia in freezer che in forno.<\/p>","protected":false},"featured_media":160634,"template":"","meta":{"_seopress_robots_primary_cat":"none","_seopress_titles_title":"","_seopress_titles_desc":"","_seopress_robots_index":"yes"},"product_brand":[],"product_cat":[170,198,231],"product_tag":[775,771,772,773,774,770],"woo-feed-brand":[],"class_list":{"0":"post-160644","1":"product","2":"type-product","3":"status-publish","4":"has-post-thumbnail","6":"product_cat-stencils","7":"product_cat-a3-stencils","8":"product_cat-hidden","9":"product_tag-french","10":"product_tag-golf","11":"product_tag-mille-feuille","12":"product_tag-millefeuille","13":"product_tag-napoleon","14":"product_tag-wave","16":"first","17":"instock","18":"taxable","19":"shipping-taxable","20":"purchasable","21":"product-type-simple"},"_links":{"self":[{"href":"https:\/\/shop.moldbrothers.com\/it\/wp-json\/wp\/v2\/product\/160644","targetHints":{"allow":["GET"]}}],"collection":[{"href":"https:\/\/shop.moldbrothers.com\/it\/wp-json\/wp\/v2\/product"}],"about":[{"href":"https:\/\/shop.moldbrothers.com\/it\/wp-json\/wp\/v2\/types\/product"}],"wp:featuredmedia":[{"embeddable":true,"href":"https:\/\/shop.moldbrothers.com\/it\/wp-json\/wp\/v2\/media\/160634"}],"wp:attachment":[{"href":"https:\/\/shop.moldbrothers.com\/it\/wp-json\/wp\/v2\/media?parent=160644"}],"wp:term":[{"taxonomy":"product_brand","embeddable":true,"href":"https:\/\/shop.moldbrothers.com\/it\/wp-json\/wp\/v2\/product_brand?post=160644"},{"taxonomy":"product_cat","embeddable":true,"href":"https:\/\/shop.moldbrothers.com\/it\/wp-json\/wp\/v2\/product_cat?post=160644"},{"taxonomy":"product_tag","embeddable":true,"href":"https:\/\/shop.moldbrothers.com\/it\/wp-json\/wp\/v2\/product_tag?post=160644"},{"taxonomy":"woo-feed-brand","embeddable":true,"href":"https:\/\/shop.moldbrothers.com\/it\/wp-json\/wp\/v2\/woo-feed-brand?post=160644"}],"curies":[{"name":"wp","href":"https:\/\/api.w.org\/{rel}","templated":true}]}}