{"id":158640,"date":"2023-01-18T16:30:00","date_gmt":"2023-01-18T15:30:00","guid":{"rendered":"https:\/\/shop.moldbrothers.com\/?post_type=product&#038;p=158640"},"modified":"2026-01-05T12:16:36","modified_gmt":"2026-01-05T11:16:36","slug":"lips-mold","status":"publish","type":"product","link":"https:\/\/shop.moldbrothers.com\/it\/prodotto-2\/lips-mold\/","title":{"rendered":"Labbra Mold"},"content":{"rendered":"","protected":false},"excerpt":{"rendered":"<p>Questo stampo in silicone di alta qualit\u00e0, a forma di labbra realistiche, contiene 4 forme ed \u00e8 realizzato in silicone alimentare 100%. Lo stampo pu\u00f2 resistere a una temperatura compresa tra -40\u00b0C e +200\u00b0C. Lo stampo \u00e8 quindi adatto sia al congelatore che al forno.<\/p>","protected":false},"featured_media":158644,"template":"","meta":{"_seopress_robots_primary_cat":"none","_seopress_titles_title":"","_seopress_titles_desc":"","_seopress_robots_index":""},"product_brand":[],"product_cat":[159,194],"product_tag":[491,490,492,489,488],"woo-feed-brand":[],"class_list":{"0":"post-158640","1":"product","2":"type-product","3":"status-publish","4":"has-post-thumbnail","6":"product_cat-3dmolds","7":"product_cat-realistic","8":"product_tag-hart","9":"product_tag-heart","10":"product_tag-love","11":"product_tag-valentijn","12":"product_tag-valentine","14":"first","15":"instock","16":"taxable","17":"shipping-taxable","18":"purchasable","19":"product-type-simple"},"_links":{"self":[{"href":"https:\/\/shop.moldbrothers.com\/it\/wp-json\/wp\/v2\/product\/158640","targetHints":{"allow":["GET"]}}],"collection":[{"href":"https:\/\/shop.moldbrothers.com\/it\/wp-json\/wp\/v2\/product"}],"about":[{"href":"https:\/\/shop.moldbrothers.com\/it\/wp-json\/wp\/v2\/types\/product"}],"wp:featuredmedia":[{"embeddable":true,"href":"https:\/\/shop.moldbrothers.com\/it\/wp-json\/wp\/v2\/media\/158644"}],"wp:attachment":[{"href":"https:\/\/shop.moldbrothers.com\/it\/wp-json\/wp\/v2\/media?parent=158640"}],"wp:term":[{"taxonomy":"product_brand","embeddable":true,"href":"https:\/\/shop.moldbrothers.com\/it\/wp-json\/wp\/v2\/product_brand?post=158640"},{"taxonomy":"product_cat","embeddable":true,"href":"https:\/\/shop.moldbrothers.com\/it\/wp-json\/wp\/v2\/product_cat?post=158640"},{"taxonomy":"product_tag","embeddable":true,"href":"https:\/\/shop.moldbrothers.com\/it\/wp-json\/wp\/v2\/product_tag?post=158640"},{"taxonomy":"woo-feed-brand","embeddable":true,"href":"https:\/\/shop.moldbrothers.com\/it\/wp-json\/wp\/v2\/woo-feed-brand?post=158640"}],"curies":[{"name":"wp","href":"https:\/\/api.w.org\/{rel}","templated":true}]}}