{"id":158298,"date":"2024-01-16T12:24:11","date_gmt":"2024-01-16T11:24:11","guid":{"rendered":"https:\/\/shop.moldbrothers.com\/?post_type=product&#038;p=158298"},"modified":"2025-05-02T08:02:41","modified_gmt":"2025-05-02T06:02:41","slug":"sea-urchin-caviar-mold","status":"publish","type":"product","link":"https:\/\/shop.moldbrothers.com\/it\/prodotto-2\/sea-urchin-caviar-mold\/","title":{"rendered":"Caviale di riccio di mare Mold"},"content":{"rendered":"","protected":false},"excerpt":{"rendered":"<p>Questo stampo in silicone di alta qualit\u00e0, a forma di scultura di ghiaccio realistica di riccio di mare, \u00e8 stato progettato specificamente per servire il caviale. Lo stampo ha 1 forma ed \u00e8 realizzato in silicone alimentare 100%. Pu\u00f2 resistere a temperature comprese tra -40\u00b0C e +200\u00b0C, il che lo rende adatto all'uso sia in freezer che in forno.<\/p>","protected":false},"featured_media":158302,"template":"","meta":{"_seopress_robots_primary_cat":"none","_seopress_titles_title":"","_seopress_titles_desc":"","_seopress_robots_index":""},"product_brand":[],"product_cat":[159,194],"product_tag":[481,497,484,483,485,482,498,499,575],"woo-feed-brand":[],"class_list":{"0":"post-158298","1":"product","2":"type-product","3":"status-publish","4":"has-post-thumbnail","6":"product_cat-3dmolds","7":"product_cat-realistic","8":"product_tag-caviar","9":"product_tag-fish","10":"product_tag-ice","11":"product_tag-ice-cube","12":"product_tag-ijs","13":"product_tag-kaviaar","14":"product_tag-sea","15":"product_tag-seafood","16":"product_tag-zee","18":"first","19":"instock","20":"taxable","21":"shipping-taxable","22":"purchasable","23":"product-type-simple"},"_links":{"self":[{"href":"https:\/\/shop.moldbrothers.com\/it\/wp-json\/wp\/v2\/product\/158298","targetHints":{"allow":["GET"]}}],"collection":[{"href":"https:\/\/shop.moldbrothers.com\/it\/wp-json\/wp\/v2\/product"}],"about":[{"href":"https:\/\/shop.moldbrothers.com\/it\/wp-json\/wp\/v2\/types\/product"}],"wp:featuredmedia":[{"embeddable":true,"href":"https:\/\/shop.moldbrothers.com\/it\/wp-json\/wp\/v2\/media\/158302"}],"wp:attachment":[{"href":"https:\/\/shop.moldbrothers.com\/it\/wp-json\/wp\/v2\/media?parent=158298"}],"wp:term":[{"taxonomy":"product_brand","embeddable":true,"href":"https:\/\/shop.moldbrothers.com\/it\/wp-json\/wp\/v2\/product_brand?post=158298"},{"taxonomy":"product_cat","embeddable":true,"href":"https:\/\/shop.moldbrothers.com\/it\/wp-json\/wp\/v2\/product_cat?post=158298"},{"taxonomy":"product_tag","embeddable":true,"href":"https:\/\/shop.moldbrothers.com\/it\/wp-json\/wp\/v2\/product_tag?post=158298"},{"taxonomy":"woo-feed-brand","embeddable":true,"href":"https:\/\/shop.moldbrothers.com\/it\/wp-json\/wp\/v2\/woo-feed-brand?post=158298"}],"curies":[{"name":"wp","href":"https:\/\/api.w.org\/{rel}","templated":true}]}}