{"id":153434,"date":"2023-11-10T15:51:58","date_gmt":"2023-11-10T14:51:58","guid":{"rendered":"https:\/\/shop.moldbrothers.com\/?post_type=product&#038;p=153434"},"modified":"2026-03-24T16:33:55","modified_gmt":"2026-03-24T15:33:55","slug":"alex-dilling-interior-mold","status":"publish","type":"product","link":"https:\/\/shop.moldbrothers.com\/it\/prodotto-2\/alex-dilling-interior-mold\/","title":{"rendered":"Alex Dilling - Interno Mold"},"content":{"rendered":"<div class=\"wp-block-columns is-layout-flex wp-container-core-columns-is-layout-9d6595d7 wp-block-columns-is-layout-flex\">\n<div class=\"wp-block-column is-layout-flow wp-block-column-is-layout-flow\" style=\"flex-basis:45%\">\n<figure class=\"wp-block-image size-full\"><a href=\"https:\/\/shop.moldbrothers.com\/wp-content\/uploads\/2023\/11\/WhatsApp-Image-2023-11-09-at-16.15.21.jpeg\"><img decoding=\"async\" width=\"800\" height=\"1206\" src=\"https:\/\/shop.moldbrothers.com\/wp-content\/uploads\/2023\/11\/WhatsApp-Image-2023-11-09-at-16.15.21.jpeg\" alt=\"Alex Dilling\" class=\"wp-image-153396\" srcset=\"https:\/\/shop.moldbrothers.com\/wp-content\/uploads\/2023\/11\/WhatsApp-Image-2023-11-09-at-16.15.21.jpeg 800w, https:\/\/shop.moldbrothers.com\/wp-content\/uploads\/2023\/11\/WhatsApp-Image-2023-11-09-at-16.15.21-768x1158.jpeg 768w, https:\/\/shop.moldbrothers.com\/wp-content\/uploads\/2023\/11\/WhatsApp-Image-2023-11-09-at-16.15.21-8x12.jpeg 8w\" sizes=\"(max-width: 800px) 100vw, 800px\" \/><\/a><\/figure>\n<\/div>\n\n\n\n<div class=\"wp-block-column is-layout-flow wp-block-column-is-layout-flow\" style=\"flex-basis:35.09%\">\n<h6 class=\"wp-block-heading\">Collaborazione<\/h6>\n\n\n\n<h2 class=\"wp-block-heading\">Informazioni sullo chef<\/h2>\n\n\n\n<p>Lo chef Alex Dilling era l'ex chef del rinomato ristorante The Greenhouse** di Londra. Alex \u00e8 considerato uno degli chef pi\u00f9 abili al mondo dal punto di vista tecnico. Quando Alex ha avuto l'idea dello stampo \"Hunter Chicken\" ci ha chiesto di aiutarlo. Molti di voi possono solo immaginare come sia stato realizzato questo piatto straordinario, il segreto: molta abilit\u00e0, perseveranza e un piccolo aiuto da parte di uno stampo personalizzato.<\/p>\n\n\n<div class=\"wp-block-image\">\n<figure class=\"alignleft size-full is-resized\"><img decoding=\"async\" width=\"856\" height=\"857\" src=\"https:\/\/shop.moldbrothers.com\/wp-content\/uploads\/2022\/02\/ad-logo.jpeg\" alt=\"\" class=\"wp-image-124029\" style=\"aspect-ratio:0.9988331388564761;width:164px;height:auto\" srcset=\"https:\/\/shop.moldbrothers.com\/wp-content\/uploads\/2022\/02\/ad-logo.jpeg 856w, https:\/\/shop.moldbrothers.com\/wp-content\/uploads\/2022\/02\/ad-logo-100x100.jpeg 100w, https:\/\/shop.moldbrothers.com\/wp-content\/uploads\/2022\/02\/ad-logo-600x601.jpeg 600w, https:\/\/shop.moldbrothers.com\/wp-content\/uploads\/2022\/02\/ad-logo-150x150.jpeg 150w, https:\/\/shop.moldbrothers.com\/wp-content\/uploads\/2022\/02\/ad-logo-12x12.jpeg 12w\" sizes=\"(max-width: 856px) 100vw, 856px\" \/><\/figure>\n<\/div><\/div>\n<\/div>","protected":false},"excerpt":{"rendered":"<p>Uno stampo in silicone di alta qualit\u00e0, utilizzato per le Forestiere di pollo e quaglia. Lo stampo contiene 1 forma ed \u00e8 in silicone alimentare 100%. Lo stampo pu\u00f2 resistere a temperature comprese tra -40 \u00b0C e +200 \u00b0C. Lo stampo \u00e8 quindi adatto sia al congelatore che al forno.<\/p>","protected":false},"featured_media":153436,"template":"","meta":{"_seopress_robots_primary_cat":"none","_seopress_titles_title":"","_seopress_titles_desc":"","_seopress_robots_index":"yes"},"product_brand":[],"product_cat":[159,229,231],"product_tag":[],"woo-feed-brand":[],"class_list":{"0":"post-153434","1":"product","2":"type-product","3":"status-publish","4":"has-post-thumbnail","6":"product_cat-3dmolds","7":"product_cat-abstract","8":"product_cat-hidden","10":"first","11":"instock","12":"taxable","13":"shipping-taxable","14":"purchasable","15":"product-type-simple"},"_links":{"self":[{"href":"https:\/\/shop.moldbrothers.com\/it\/wp-json\/wp\/v2\/product\/153434","targetHints":{"allow":["GET"]}}],"collection":[{"href":"https:\/\/shop.moldbrothers.com\/it\/wp-json\/wp\/v2\/product"}],"about":[{"href":"https:\/\/shop.moldbrothers.com\/it\/wp-json\/wp\/v2\/types\/product"}],"wp:featuredmedia":[{"embeddable":true,"href":"https:\/\/shop.moldbrothers.com\/it\/wp-json\/wp\/v2\/media\/153436"}],"wp:attachment":[{"href":"https:\/\/shop.moldbrothers.com\/it\/wp-json\/wp\/v2\/media?parent=153434"}],"wp:term":[{"taxonomy":"product_brand","embeddable":true,"href":"https:\/\/shop.moldbrothers.com\/it\/wp-json\/wp\/v2\/product_brand?post=153434"},{"taxonomy":"product_cat","embeddable":true,"href":"https:\/\/shop.moldbrothers.com\/it\/wp-json\/wp\/v2\/product_cat?post=153434"},{"taxonomy":"product_tag","embeddable":true,"href":"https:\/\/shop.moldbrothers.com\/it\/wp-json\/wp\/v2\/product_tag?post=153434"},{"taxonomy":"woo-feed-brand","embeddable":true,"href":"https:\/\/shop.moldbrothers.com\/it\/wp-json\/wp\/v2\/woo-feed-brand?post=153434"}],"curies":[{"name":"wp","href":"https:\/\/api.w.org\/{rel}","templated":true}]}}