{"id":150834,"date":"2023-09-28T15:11:00","date_gmt":"2023-09-28T13:11:00","guid":{"rendered":"https:\/\/shop.moldbrothers.com\/?post_type=product&#038;p=150834"},"modified":"2025-10-20T12:25:14","modified_gmt":"2025-10-20T10:25:14","slug":"chestnut-ring-tuille-mold","status":"publish","type":"product","link":"https:\/\/shop.moldbrothers.com\/it\/prodotto-2\/chestnut-ring-tuille-mold\/","title":{"rendered":"Anello di castagno Tuille Mold"},"content":{"rendered":"","protected":false},"excerpt":{"rendered":"<p>Questo stampo in silicone di alta qualit\u00e0, a forma di foglie di castagno, contiene 3 forme ed \u00e8 realizzato in silicone alimentare 100%. Lo stampo pu\u00f2 resistere a una temperatura compresa tra -40\u00b0C e +200\u00b0C. Lo stampo \u00e8 quindi adatto sia al congelatore che al forno.<\/p>","protected":false},"featured_media":150793,"template":"","meta":{"_seopress_robots_primary_cat":"none","_seopress_titles_title":"","_seopress_titles_desc":"","_seopress_robots_index":""},"product_brand":[],"product_cat":[228,237],"product_tag":[1419,581,1413,1447,1431,548,564,1427,1416,566,1425,1429,1430,1446,1415,536,1437,1424,1440,1443,547,1438,1150,1418,533,1441,546,549,537,1436,1433,1420,530,1444,936,1435,1423,1432,1421,1428,1439,1195,1434,1426,1422,495,519,1417,1414,1445,550,1442],"woo-feed-brand":[],"class_list":{"0":"post-150834","1":"product","2":"type-product","3":"status-publish","4":"has-post-thumbnail","6":"product_cat-2dmolds","7":"product_cat-natural","8":"product_tag-acorn","9":"product_tag-apple","10":"product_tag-autumn","11":"product_tag-autumn-vibes","12":"product_tag-bark","13":"product_tag-bos","14":"product_tag-cacao","15":"product_tag-caramel","16":"product_tag-chestnut","17":"product_tag-chocolate","18":"product_tag-cinnamon","19":"product_tag-comfort-food","20":"product_tag-cozy","21":"product_tag-deep-flavors","22":"product_tag-earth-tones","23":"product_tag-fall","24":"product_tag-festive","25":"product_tag-fig","26":"product_tag-fireplace","27":"product_tag-foliage","28":"product_tag-forest","29":"product_tag-golden-brown","30":"product_tag-harvest","31":"product_tag-hazelnut","32":"product_tag-herfst","33":"product_tag-hygge","34":"product_tag-leav","35":"product_tag-leave","36":"product_tag-leaves","37":"product_tag-limited-edition","38":"product_tag-moss","39":"product_tag-mushroom","40":"product_tag-nature","41":"product_tag-nuts-seeds","42":"product_tag-oak","43":"product_tag-organic-shapes","44":"product_tag-pear","45":"product_tag-pine","46":"product_tag-pumpkin","47":"product_tag-roasted","48":"product_tag-rustic","49":"product_tag-seasonal","50":"product_tag-soil","51":"product_tag-spices","52":"product_tag-squash","53":"product_tag-tuile","54":"product_tag-tuille-forme","55":"product_tag-walnut","56":"product_tag-warm-colors","57":"product_tag-warm-textures","58":"product_tag-wood","59":"product_tag-woodland","61":"first","62":"instock","63":"taxable","64":"shipping-taxable","65":"purchasable","66":"product-type-simple"},"_links":{"self":[{"href":"https:\/\/shop.moldbrothers.com\/it\/wp-json\/wp\/v2\/product\/150834","targetHints":{"allow":["GET"]}}],"collection":[{"href":"https:\/\/shop.moldbrothers.com\/it\/wp-json\/wp\/v2\/product"}],"about":[{"href":"https:\/\/shop.moldbrothers.com\/it\/wp-json\/wp\/v2\/types\/product"}],"wp:featuredmedia":[{"embeddable":true,"href":"https:\/\/shop.moldbrothers.com\/it\/wp-json\/wp\/v2\/media\/150793"}],"wp:attachment":[{"href":"https:\/\/shop.moldbrothers.com\/it\/wp-json\/wp\/v2\/media?parent=150834"}],"wp:term":[{"taxonomy":"product_brand","embeddable":true,"href":"https:\/\/shop.moldbrothers.com\/it\/wp-json\/wp\/v2\/product_brand?post=150834"},{"taxonomy":"product_cat","embeddable":true,"href":"https:\/\/shop.moldbrothers.com\/it\/wp-json\/wp\/v2\/product_cat?post=150834"},{"taxonomy":"product_tag","embeddable":true,"href":"https:\/\/shop.moldbrothers.com\/it\/wp-json\/wp\/v2\/product_tag?post=150834"},{"taxonomy":"woo-feed-brand","embeddable":true,"href":"https:\/\/shop.moldbrothers.com\/it\/wp-json\/wp\/v2\/woo-feed-brand?post=150834"}],"curies":[{"name":"wp","href":"https:\/\/api.w.org\/{rel}","templated":true}]}}