{"id":150761,"date":"2023-09-28T15:09:00","date_gmt":"2023-09-28T13:09:00","guid":{"rendered":"https:\/\/shop.moldbrothers.com\/?post_type=product&#038;p=150761"},"modified":"2025-09-09T22:15:47","modified_gmt":"2025-09-09T20:15:47","slug":"pumpkin-mold","status":"publish","type":"product","link":"https:\/\/shop.moldbrothers.com\/it\/prodotto-2\/pumpkin-mold\/","title":{"rendered":"Zucca Mold"},"content":{"rendered":"","protected":false},"excerpt":{"rendered":"<p>Questo stampo in silicone di alta qualit\u00e0, a forma di zucca, contiene 5 forme ed \u00e8 realizzato in silicone alimentare 100%. Lo stampo pu\u00f2 resistere a una temperatura compresa tra -40\u00b0C e +200\u00b0C. Lo stampo \u00e8 quindi adatto sia al congelatore che al forno.<\/p>","protected":false},"featured_media":151422,"template":"","meta":{"_seopress_robots_primary_cat":"none","_seopress_titles_title":"","_seopress_titles_desc":"","_seopress_robots_index":""},"product_brand":[],"product_cat":[159,194],"product_tag":[1419,581,1413,1447,1431,564,1427,1416,566,1425,1429,1430,1446,1415,536,1437,1424,1440,1443,547,1438,542,617,1150,1418,533,1441,537,1436,1433,559,606,1420,530,1444,936,1435,1423,1432,616,1421,1428,1439,1195,1434,1426,1422,541,1417,1414,1445,550,1442],"woo-feed-brand":[],"class_list":{"0":"post-150761","1":"product","2":"type-product","3":"status-publish","4":"has-post-thumbnail","6":"product_cat-3dmolds","7":"product_cat-realistic","8":"product_tag-acorn","9":"product_tag-apple","10":"product_tag-autumn","11":"product_tag-autumn-vibes","12":"product_tag-bark","13":"product_tag-cacao","14":"product_tag-caramel","15":"product_tag-chestnut","16":"product_tag-chocolate","17":"product_tag-cinnamon","18":"product_tag-comfort-food","19":"product_tag-cozy","20":"product_tag-deep-flavors","21":"product_tag-earth-tones","22":"product_tag-fall","23":"product_tag-festive","24":"product_tag-fig","25":"product_tag-fireplace","26":"product_tag-foliage","27":"product_tag-forest","28":"product_tag-golden-brown","29":"product_tag-groente","30":"product_tag-halloween","31":"product_tag-harvest","32":"product_tag-hazelnut","33":"product_tag-herfst","34":"product_tag-hygge","35":"product_tag-leaves","36":"product_tag-limited-edition","37":"product_tag-moss","38":"product_tag-moule","39":"product_tag-moulle","40":"product_tag-mushroom","41":"product_tag-nature","42":"product_tag-nuts-seeds","43":"product_tag-oak","44":"product_tag-organic-shapes","45":"product_tag-pear","46":"product_tag-pine","47":"product_tag-pompoen","48":"product_tag-pumpkin","49":"product_tag-roasted","50":"product_tag-rustic","51":"product_tag-seasonal","52":"product_tag-soil","53":"product_tag-spices","54":"product_tag-squash","55":"product_tag-vegetable","56":"product_tag-walnut","57":"product_tag-warm-colors","58":"product_tag-warm-textures","59":"product_tag-wood","60":"product_tag-woodland","62":"first","63":"instock","64":"taxable","65":"shipping-taxable","66":"purchasable","67":"product-type-simple"},"_links":{"self":[{"href":"https:\/\/shop.moldbrothers.com\/it\/wp-json\/wp\/v2\/product\/150761","targetHints":{"allow":["GET"]}}],"collection":[{"href":"https:\/\/shop.moldbrothers.com\/it\/wp-json\/wp\/v2\/product"}],"about":[{"href":"https:\/\/shop.moldbrothers.com\/it\/wp-json\/wp\/v2\/types\/product"}],"wp:featuredmedia":[{"embeddable":true,"href":"https:\/\/shop.moldbrothers.com\/it\/wp-json\/wp\/v2\/media\/151422"}],"wp:attachment":[{"href":"https:\/\/shop.moldbrothers.com\/it\/wp-json\/wp\/v2\/media?parent=150761"}],"wp:term":[{"taxonomy":"product_brand","embeddable":true,"href":"https:\/\/shop.moldbrothers.com\/it\/wp-json\/wp\/v2\/product_brand?post=150761"},{"taxonomy":"product_cat","embeddable":true,"href":"https:\/\/shop.moldbrothers.com\/it\/wp-json\/wp\/v2\/product_cat?post=150761"},{"taxonomy":"product_tag","embeddable":true,"href":"https:\/\/shop.moldbrothers.com\/it\/wp-json\/wp\/v2\/product_tag?post=150761"},{"taxonomy":"woo-feed-brand","embeddable":true,"href":"https:\/\/shop.moldbrothers.com\/it\/wp-json\/wp\/v2\/woo-feed-brand?post=150761"}],"curies":[{"name":"wp","href":"https:\/\/api.w.org\/{rel}","templated":true}]}}