{"id":146192,"date":"2023-07-11T15:16:57","date_gmt":"2023-07-11T13:16:57","guid":{"rendered":"https:\/\/shop.moldbrothers.com\/?post_type=product&#038;p=146192"},"modified":"2025-04-24T13:28:42","modified_gmt":"2025-04-24T11:28:42","slug":"oval-swirl-molds","status":"publish","type":"product","link":"https:\/\/shop.moldbrothers.com\/it\/prodotto-2\/oval-swirl-molds\/","title":{"rendered":"Vortice ovale Molds"},"content":{"rendered":"","protected":false},"excerpt":{"rendered":"<p>Questo stampo in silicone di alta qualit\u00e0, a forma di Oval Swirl, contiene 4 forme ed \u00e8 realizzato in silicone alimentare 100%. Lo stampo pu\u00f2 sopportare una temperatura compresa tra -40\u00b0C e +200\u00b0C. Lo stampo \u00e8 quindi adatto sia al congelatore che al forno.<\/p>","protected":false},"featured_media":146193,"template":"","meta":{"_seopress_robots_primary_cat":"none","_seopress_titles_title":"","_seopress_titles_desc":"","_seopress_robots_index":""},"product_brand":[],"product_cat":[159,229,228,203],"product_tag":[564,560,566,563,562,561,559,565,556,495,558,519],"woo-feed-brand":[],"class_list":{"0":"post-146192","1":"product","2":"type-product","3":"status-publish","4":"has-post-thumbnail","6":"product_cat-3dmolds","7":"product_cat-abstract","8":"product_cat-2dmolds","9":"product_cat-graphic","10":"product_tag-cacao","11":"product_tag-choco","12":"product_tag-chocolate","13":"product_tag-chocolatepie","14":"product_tag-chocopie","15":"product_tag-ciocolate","16":"product_tag-moule","17":"product_tag-mousse","18":"product_tag-set","19":"product_tag-tuile","20":"product_tag-tuille","21":"product_tag-tuille-forme","23":"first","24":"instock","25":"sale","26":"taxable","27":"shipping-taxable","28":"product-type-grouped"},"_links":{"self":[{"href":"https:\/\/shop.moldbrothers.com\/it\/wp-json\/wp\/v2\/product\/146192","targetHints":{"allow":["GET"]}}],"collection":[{"href":"https:\/\/shop.moldbrothers.com\/it\/wp-json\/wp\/v2\/product"}],"about":[{"href":"https:\/\/shop.moldbrothers.com\/it\/wp-json\/wp\/v2\/types\/product"}],"wp:featuredmedia":[{"embeddable":true,"href":"https:\/\/shop.moldbrothers.com\/it\/wp-json\/wp\/v2\/media\/146193"}],"wp:attachment":[{"href":"https:\/\/shop.moldbrothers.com\/it\/wp-json\/wp\/v2\/media?parent=146192"}],"wp:term":[{"taxonomy":"product_brand","embeddable":true,"href":"https:\/\/shop.moldbrothers.com\/it\/wp-json\/wp\/v2\/product_brand?post=146192"},{"taxonomy":"product_cat","embeddable":true,"href":"https:\/\/shop.moldbrothers.com\/it\/wp-json\/wp\/v2\/product_cat?post=146192"},{"taxonomy":"product_tag","embeddable":true,"href":"https:\/\/shop.moldbrothers.com\/it\/wp-json\/wp\/v2\/product_tag?post=146192"},{"taxonomy":"woo-feed-brand","embeddable":true,"href":"https:\/\/shop.moldbrothers.com\/it\/wp-json\/wp\/v2\/woo-feed-brand?post=146192"}],"curies":[{"name":"wp","href":"https:\/\/api.w.org\/{rel}","templated":true}]}}