{"id":142812,"date":"2023-03-27T13:44:22","date_gmt":"2023-03-27T11:44:22","guid":{"rendered":"https:\/\/shop.moldbrothers.com\/?post_type=product&#038;p=142812"},"modified":"2025-11-26T11:44:15","modified_gmt":"2025-11-26T10:44:15","slug":"honeygrid-cylinder-mold","status":"publish","type":"product","link":"https:\/\/shop.moldbrothers.com\/it\/prodotto-2\/honeygrid-cylinder-mold\/","title":{"rendered":"Cilindro Honeygrid Mold"},"content":{"rendered":"","protected":false},"excerpt":{"rendered":"<p>Stampo in silicone di alta qualit\u00e0 a forma di retangolo Honeygrid Mold. Lo stampo contiene 4 forme ed \u00e8 in silicone alimentare 100%. Lo stampo pu\u00f2 sopportare una temperatura compresa tra -40 \u00b0C e +200 \u00b0C. Lo stampo \u00e8 quindi adatto sia al congelatore che al forno.<\/p>","protected":false},"featured_media":140897,"template":"","meta":{"_seopress_robots_primary_cat":"none","_seopress_titles_title":"","_seopress_titles_desc":"","_seopress_robots_index":""},"product_brand":[],"product_cat":[228,237],"product_tag":[567,571,494,495,558,519],"woo-feed-brand":[],"class_list":{"0":"post-142812","1":"product","2":"type-product","3":"status-publish","4":"has-post-thumbnail","6":"product_cat-2dmolds","7":"product_cat-natural","8":"product_tag-bee","9":"product_tag-lente","10":"product_tag-spring","11":"product_tag-tuile","12":"product_tag-tuille","13":"product_tag-tuille-forme","15":"first","16":"instock","17":"taxable","18":"shipping-taxable","19":"purchasable","20":"product-type-simple"},"_links":{"self":[{"href":"https:\/\/shop.moldbrothers.com\/it\/wp-json\/wp\/v2\/product\/142812","targetHints":{"allow":["GET"]}}],"collection":[{"href":"https:\/\/shop.moldbrothers.com\/it\/wp-json\/wp\/v2\/product"}],"about":[{"href":"https:\/\/shop.moldbrothers.com\/it\/wp-json\/wp\/v2\/types\/product"}],"wp:featuredmedia":[{"embeddable":true,"href":"https:\/\/shop.moldbrothers.com\/it\/wp-json\/wp\/v2\/media\/140897"}],"wp:attachment":[{"href":"https:\/\/shop.moldbrothers.com\/it\/wp-json\/wp\/v2\/media?parent=142812"}],"wp:term":[{"taxonomy":"product_brand","embeddable":true,"href":"https:\/\/shop.moldbrothers.com\/it\/wp-json\/wp\/v2\/product_brand?post=142812"},{"taxonomy":"product_cat","embeddable":true,"href":"https:\/\/shop.moldbrothers.com\/it\/wp-json\/wp\/v2\/product_cat?post=142812"},{"taxonomy":"product_tag","embeddable":true,"href":"https:\/\/shop.moldbrothers.com\/it\/wp-json\/wp\/v2\/product_tag?post=142812"},{"taxonomy":"woo-feed-brand","embeddable":true,"href":"https:\/\/shop.moldbrothers.com\/it\/wp-json\/wp\/v2\/woo-feed-brand?post=142812"}],"curies":[{"name":"wp","href":"https:\/\/api.w.org\/{rel}","templated":true}]}}