{"id":140894,"date":"2023-03-29T08:40:08","date_gmt":"2023-03-29T06:40:08","guid":{"rendered":"https:\/\/moldbrothers.nl\/?post_type=product&#038;p=140894"},"modified":"2025-11-27T11:50:22","modified_gmt":"2025-11-27T10:50:22","slug":"cone-stencil","status":"publish","type":"product","link":"https:\/\/shop.moldbrothers.com\/it\/prodotto-2\/cone-stencil\/","title":{"rendered":"Stampino a cono"},"content":{"rendered":"","protected":false},"excerpt":{"rendered":"<p>Questo stencil a forma di cono \u00e8 realizzato in polistirolo di 1 mm di spessore ed \u00e8 perfetto da utilizzare per rifinire i vostri piatti. Modellate un cono commestibile! Lo stampino \u00e8 <strong>non<\/strong>\u00a0lavabile in lavastoviglie. Si consiglia di sciacquare lo stencil con acqua tiepida (40\u00b0C) senza utilizzare detergenti.<\/p>","protected":false},"featured_media":141012,"template":"","meta":{"_seopress_robots_primary_cat":"none","_seopress_titles_title":"","_seopress_titles_desc":"","_seopress_robots_index":""},"product_brand":[],"product_cat":[170,198],"product_tag":[],"woo-feed-brand":[],"class_list":{"0":"post-140894","1":"product","2":"type-product","3":"status-publish","4":"has-post-thumbnail","6":"product_cat-stencils","7":"product_cat-a3-stencils","9":"first","10":"instock","11":"taxable","12":"shipping-taxable","13":"purchasable","14":"product-type-simple"},"_links":{"self":[{"href":"https:\/\/shop.moldbrothers.com\/it\/wp-json\/wp\/v2\/product\/140894","targetHints":{"allow":["GET"]}}],"collection":[{"href":"https:\/\/shop.moldbrothers.com\/it\/wp-json\/wp\/v2\/product"}],"about":[{"href":"https:\/\/shop.moldbrothers.com\/it\/wp-json\/wp\/v2\/types\/product"}],"wp:featuredmedia":[{"embeddable":true,"href":"https:\/\/shop.moldbrothers.com\/it\/wp-json\/wp\/v2\/media\/141012"}],"wp:attachment":[{"href":"https:\/\/shop.moldbrothers.com\/it\/wp-json\/wp\/v2\/media?parent=140894"}],"wp:term":[{"taxonomy":"product_brand","embeddable":true,"href":"https:\/\/shop.moldbrothers.com\/it\/wp-json\/wp\/v2\/product_brand?post=140894"},{"taxonomy":"product_cat","embeddable":true,"href":"https:\/\/shop.moldbrothers.com\/it\/wp-json\/wp\/v2\/product_cat?post=140894"},{"taxonomy":"product_tag","embeddable":true,"href":"https:\/\/shop.moldbrothers.com\/it\/wp-json\/wp\/v2\/product_tag?post=140894"},{"taxonomy":"woo-feed-brand","embeddable":true,"href":"https:\/\/shop.moldbrothers.com\/it\/wp-json\/wp\/v2\/woo-feed-brand?post=140894"}],"curies":[{"name":"wp","href":"https:\/\/api.w.org\/{rel}","templated":true}]}}