{"id":139225,"date":"2023-02-23T11:50:29","date_gmt":"2023-02-23T10:50:29","guid":{"rendered":"https:\/\/moldbrothers.nl\/?post_type=product&#038;p=139225"},"modified":"2026-03-24T16:33:20","modified_gmt":"2026-03-24T15:33:20","slug":"scraper-squares","status":"publish","type":"product","link":"https:\/\/shop.moldbrothers.com\/it\/prodotto-2\/scraper-squares\/","title":{"rendered":"Piazze raschietto"},"content":{"rendered":"","protected":false},"excerpt":{"rendered":"<p>Questo raschietto in acrilico di alta qualit\u00e0 presenta due lati utilizzabili, ciascuno con un diverso motivo quadrato per una maggiore versatilit\u00e0. Il raschietto non \u00e8 lavabile in lavastoviglie e deve essere sciacquato con acqua corrente tiepida.<\/p>","protected":false},"featured_media":139206,"template":"","meta":{"_seopress_robots_primary_cat":"none","_seopress_titles_title":"","_seopress_titles_desc":"","_seopress_robots_index":""},"product_brand":[],"product_cat":[192,231],"product_tag":[],"woo-feed-brand":[],"class_list":{"0":"post-139225","1":"product","2":"type-product","3":"status-publish","4":"has-post-thumbnail","6":"product_cat-kitchen-essentials","7":"product_cat-hidden","9":"first","10":"instock","11":"taxable","12":"shipping-taxable","13":"product-type-grouped"},"_links":{"self":[{"href":"https:\/\/shop.moldbrothers.com\/it\/wp-json\/wp\/v2\/product\/139225","targetHints":{"allow":["GET"]}}],"collection":[{"href":"https:\/\/shop.moldbrothers.com\/it\/wp-json\/wp\/v2\/product"}],"about":[{"href":"https:\/\/shop.moldbrothers.com\/it\/wp-json\/wp\/v2\/types\/product"}],"wp:featuredmedia":[{"embeddable":true,"href":"https:\/\/shop.moldbrothers.com\/it\/wp-json\/wp\/v2\/media\/139206"}],"wp:attachment":[{"href":"https:\/\/shop.moldbrothers.com\/it\/wp-json\/wp\/v2\/media?parent=139225"}],"wp:term":[{"taxonomy":"product_brand","embeddable":true,"href":"https:\/\/shop.moldbrothers.com\/it\/wp-json\/wp\/v2\/product_brand?post=139225"},{"taxonomy":"product_cat","embeddable":true,"href":"https:\/\/shop.moldbrothers.com\/it\/wp-json\/wp\/v2\/product_cat?post=139225"},{"taxonomy":"product_tag","embeddable":true,"href":"https:\/\/shop.moldbrothers.com\/it\/wp-json\/wp\/v2\/product_tag?post=139225"},{"taxonomy":"woo-feed-brand","embeddable":true,"href":"https:\/\/shop.moldbrothers.com\/it\/wp-json\/wp\/v2\/woo-feed-brand?post=139225"}],"curies":[{"name":"wp","href":"https:\/\/api.w.org\/{rel}","templated":true}]}}