{"id":129996,"date":"2022-07-19T11:23:10","date_gmt":"2022-07-19T09:23:10","guid":{"rendered":"https:\/\/moldbrothers.nl\/?post_type=product&#038;p=129996"},"modified":"2026-01-13T09:16:26","modified_gmt":"2026-01-13T08:16:26","slug":"flower-pressing-kit","status":"publish","type":"product","link":"https:\/\/shop.moldbrothers.com\/it\/prodotto-2\/flower-pressing-kit\/","title":{"rendered":"Kit per la pressatura dei fiori"},"content":{"rendered":"<div class=\"grid grid-cols-1 lg:grid-cols-2 lg:gap-12\"><div class=\"col-span-1 self-center\"><figure class=\"h-[clamp(200px,40vw,600px)!important]\"><img decoding=\"async\" class=\"w-full h-full object-cover object-center rounded-2xl\" src=\"https:\/\/shop.moldbrothers.com\/wp-content\/uploads\/2022\/07\/DSC03279-scaled-e1684074511240.jpg\" alt=\"\" \/><\/figure><\/div><div class=\"col-span-1 self-center\"><div class=\"lg:pl-20\"><\/p>\n<h6>Collaborazione<\/h6>\n<h2>Mike Cornelissen<\/h2>\n<p>Ideato insieme allo chef Mike Cornelissen del Ristorante Rijnzicht*. Mike stava cercando un modo elegante per riprodurre nel piatto i fiori del suo giardino. Abbiamo progettato questo incredibile kit per pressare i fiori per creare questo piatto o molte altre versioni con molti sapori diversi. Essere creativo!<\/div><\/div><\/div>","protected":false},"excerpt":{"rendered":"<p>Questo set di alta qualit\u00e0 comprende uno stampo per pressatura in silicone e uno stencil in acrilico. Lo stampo in silicone, a forma di foglia di fiore realistica, \u00e8 composto da due parti che si incastrano con precisione ed \u00e8 realizzato in silicone alimentare 100%. Pu\u00f2 resistere a temperature comprese tra -40\u00b0C e +200\u00b0C, il che lo rende adatto sia al congelatore (d'urto) che al forno. Lo stencil non \u00e8 lavabile in lavastoviglie: si consiglia di sciacquarlo con acqua tiepida (40\u00b0C) senza utilizzare alcun detergente.<\/p>","protected":false},"featured_media":129999,"template":"","meta":{"_seopress_robots_primary_cat":"none","_seopress_titles_title":"","_seopress_titles_desc":"","_seopress_robots_index":""},"product_brand":[],"product_cat":[202],"product_tag":[],"woo-feed-brand":[],"class_list":{"0":"post-129996","1":"product","2":"type-product","3":"status-publish","4":"has-post-thumbnail","6":"product_cat-pressing-kits","8":"first","9":"instock","10":"taxable","11":"shipping-taxable","12":"product-type-grouped"},"_links":{"self":[{"href":"https:\/\/shop.moldbrothers.com\/it\/wp-json\/wp\/v2\/product\/129996","targetHints":{"allow":["GET"]}}],"collection":[{"href":"https:\/\/shop.moldbrothers.com\/it\/wp-json\/wp\/v2\/product"}],"about":[{"href":"https:\/\/shop.moldbrothers.com\/it\/wp-json\/wp\/v2\/types\/product"}],"wp:featuredmedia":[{"embeddable":true,"href":"https:\/\/shop.moldbrothers.com\/it\/wp-json\/wp\/v2\/media\/129999"}],"wp:attachment":[{"href":"https:\/\/shop.moldbrothers.com\/it\/wp-json\/wp\/v2\/media?parent=129996"}],"wp:term":[{"taxonomy":"product_brand","embeddable":true,"href":"https:\/\/shop.moldbrothers.com\/it\/wp-json\/wp\/v2\/product_brand?post=129996"},{"taxonomy":"product_cat","embeddable":true,"href":"https:\/\/shop.moldbrothers.com\/it\/wp-json\/wp\/v2\/product_cat?post=129996"},{"taxonomy":"product_tag","embeddable":true,"href":"https:\/\/shop.moldbrothers.com\/it\/wp-json\/wp\/v2\/product_tag?post=129996"},{"taxonomy":"woo-feed-brand","embeddable":true,"href":"https:\/\/shop.moldbrothers.com\/it\/wp-json\/wp\/v2\/woo-feed-brand?post=129996"}],"curies":[{"name":"wp","href":"https:\/\/api.w.org\/{rel}","templated":true}]}}