{"id":125494,"date":"2022-01-13T15:10:21","date_gmt":"2022-01-13T14:10:21","guid":{"rendered":"https:\/\/moldbrothers.nl\/?post_type=product&#038;p=125494"},"modified":"2025-11-18T09:07:10","modified_gmt":"2025-11-18T08:07:10","slug":"ribble-quenelle-molds","status":"publish","type":"product","link":"https:\/\/shop.moldbrothers.com\/it\/prodotto-2\/ribble-quenelle-molds\/","title":{"rendered":"Ribble Quenelle Molds"},"content":{"rendered":"","protected":false},"excerpt":{"rendered":"<p>Questo stampo in silicone di alta qualit\u00e0, a forma di Quenelle Ribbled, contiene 5 forme ed \u00e8 realizzato in silicone alimentare 100%. Lo stampo pu\u00f2 sopportare una temperatura compresa tra -40\u00b0C e +200\u00b0C. Lo stampo \u00e8 quindi adatto sia al congelatore (d'urto) che al forno.<\/p>","protected":false},"featured_media":123419,"template":"","meta":{"_seopress_robots_primary_cat":"none","_seopress_titles_title":"","_seopress_titles_desc":"","_seopress_robots_index":""},"product_brand":[],"product_cat":[159,229],"product_tag":[626,627,559,606,607,586,623,624,625],"woo-feed-brand":[],"class_list":{"0":"post-125494","1":"product","2":"type-product","3":"status-publish","4":"has-post-thumbnail","6":"product_cat-3dmolds","7":"product_cat-abstract","8":"product_tag-icecream","9":"product_tag-lepel","10":"product_tag-moule","11":"product_tag-moulle","12":"product_tag-mous","13":"product_tag-pastry","14":"product_tag-plating","15":"product_tag-quenel","16":"product_tag-quenelle","18":"first","19":"instock","20":"taxable","21":"shipping-taxable","22":"product-type-grouped"},"_links":{"self":[{"href":"https:\/\/shop.moldbrothers.com\/it\/wp-json\/wp\/v2\/product\/125494","targetHints":{"allow":["GET"]}}],"collection":[{"href":"https:\/\/shop.moldbrothers.com\/it\/wp-json\/wp\/v2\/product"}],"about":[{"href":"https:\/\/shop.moldbrothers.com\/it\/wp-json\/wp\/v2\/types\/product"}],"wp:featuredmedia":[{"embeddable":true,"href":"https:\/\/shop.moldbrothers.com\/it\/wp-json\/wp\/v2\/media\/123419"}],"wp:attachment":[{"href":"https:\/\/shop.moldbrothers.com\/it\/wp-json\/wp\/v2\/media?parent=125494"}],"wp:term":[{"taxonomy":"product_brand","embeddable":true,"href":"https:\/\/shop.moldbrothers.com\/it\/wp-json\/wp\/v2\/product_brand?post=125494"},{"taxonomy":"product_cat","embeddable":true,"href":"https:\/\/shop.moldbrothers.com\/it\/wp-json\/wp\/v2\/product_cat?post=125494"},{"taxonomy":"product_tag","embeddable":true,"href":"https:\/\/shop.moldbrothers.com\/it\/wp-json\/wp\/v2\/product_tag?post=125494"},{"taxonomy":"woo-feed-brand","embeddable":true,"href":"https:\/\/shop.moldbrothers.com\/it\/wp-json\/wp\/v2\/woo-feed-brand?post=125494"}],"curies":[{"name":"wp","href":"https:\/\/api.w.org\/{rel}","templated":true}]}}