{"id":124254,"date":"2022-02-12T13:26:45","date_gmt":"2022-02-12T12:26:45","guid":{"rendered":"https:\/\/moldbrothers.nl\/?post_type=product&#038;p=124254"},"modified":"2026-03-24T16:33:00","modified_gmt":"2026-03-24T15:33:00","slug":"ribble-disc-pressing-press","status":"publish","type":"product","link":"https:\/\/shop.moldbrothers.com\/it\/prodotto-2\/ribble-disc-pressing-press\/","title":{"rendered":"Ribble Disc Pressing &#8211; Mold"},"content":{"rendered":"","protected":false},"excerpt":{"rendered":"<p>Uno stampo in silicone di alta qualit\u00e0.<\/p>\n<p>Lo stampo per pressatura in silicone \u00e8 realizzato a forma di disco Ribble ed \u00e8 di grado alimentare 100%. Lo stampo \u00e8 composto da due parti che si incastrano esattamente tra loro e ogni stampo ha una lunghezza di 7,8 cm di diametro, e un&#039;altezza di 2 cm per met\u00e0. Lo stampo pu\u00f2 sopportare una temperatura compresa tra -40 \u00b0C e +200 \u00b0C. Lo stampo \u00e8 quindi adatto sia per il congelatore (abbattitore) che per il forno.<\/p>","protected":false},"featured_media":124107,"template":"","meta":{"_seopress_robots_primary_cat":"none","_seopress_titles_title":"","_seopress_titles_desc":"","_seopress_robots_index":""},"product_brand":[],"product_cat":[159,202,231],"product_tag":[],"woo-feed-brand":[],"class_list":{"0":"post-124254","1":"product","2":"type-product","3":"status-publish","4":"has-post-thumbnail","6":"product_cat-3dmolds","7":"product_cat-pressing-kits","8":"product_cat-hidden","10":"first","11":"instock","12":"taxable","13":"shipping-taxable","14":"purchasable","15":"product-type-simple"},"_links":{"self":[{"href":"https:\/\/shop.moldbrothers.com\/it\/wp-json\/wp\/v2\/product\/124254","targetHints":{"allow":["GET"]}}],"collection":[{"href":"https:\/\/shop.moldbrothers.com\/it\/wp-json\/wp\/v2\/product"}],"about":[{"href":"https:\/\/shop.moldbrothers.com\/it\/wp-json\/wp\/v2\/types\/product"}],"wp:featuredmedia":[{"embeddable":true,"href":"https:\/\/shop.moldbrothers.com\/it\/wp-json\/wp\/v2\/media\/124107"}],"wp:attachment":[{"href":"https:\/\/shop.moldbrothers.com\/it\/wp-json\/wp\/v2\/media?parent=124254"}],"wp:term":[{"taxonomy":"product_brand","embeddable":true,"href":"https:\/\/shop.moldbrothers.com\/it\/wp-json\/wp\/v2\/product_brand?post=124254"},{"taxonomy":"product_cat","embeddable":true,"href":"https:\/\/shop.moldbrothers.com\/it\/wp-json\/wp\/v2\/product_cat?post=124254"},{"taxonomy":"product_tag","embeddable":true,"href":"https:\/\/shop.moldbrothers.com\/it\/wp-json\/wp\/v2\/product_tag?post=124254"},{"taxonomy":"woo-feed-brand","embeddable":true,"href":"https:\/\/shop.moldbrothers.com\/it\/wp-json\/wp\/v2\/woo-feed-brand?post=124254"}],"curies":[{"name":"wp","href":"https:\/\/api.w.org\/{rel}","templated":true}]}}