{"id":124102,"date":"2022-02-07T16:28:20","date_gmt":"2022-02-07T15:28:20","guid":{"rendered":"https:\/\/moldbrothers.nl\/?post_type=product&#038;p=124102"},"modified":"2025-11-18T09:09:06","modified_gmt":"2025-11-18T08:09:06","slug":"ribble-disc-pressing-kit","status":"publish","type":"product","link":"https:\/\/shop.moldbrothers.com\/it\/prodotto-2\/ribble-disc-pressing-kit\/","title":{"rendered":"Kit per la pressatura del disco Ribble"},"content":{"rendered":"","protected":false},"excerpt":{"rendered":"<p>Questo stampo per pressatura in silicone, a forma di disco Ribble, \u00e8 realizzato in silicone alimentare 100%. Lo stampo \u00e8 composto da due parti che si incastrano con precisione, ciascuna con un diametro di 7,8 cm e un'altezza di 2 cm per met\u00e0. Lo stampino non \u00e8 lavabile in lavastoviglie: si consiglia di risciacquare con acqua tiepida (40\u00b0C) senza utilizzare alcun detergente.<\/p>","protected":false},"featured_media":143622,"template":"","meta":{"_seopress_robots_primary_cat":"none","_seopress_titles_title":"","_seopress_titles_desc":"","_seopress_robots_index":""},"product_brand":[],"product_cat":[202],"product_tag":[],"woo-feed-brand":[],"class_list":{"0":"post-124102","1":"product","2":"type-product","3":"status-publish","4":"has-post-thumbnail","6":"product_cat-pressing-kits","8":"first","9":"instock","10":"sale","11":"taxable","12":"shipping-taxable","13":"product-type-grouped"},"_links":{"self":[{"href":"https:\/\/shop.moldbrothers.com\/it\/wp-json\/wp\/v2\/product\/124102","targetHints":{"allow":["GET"]}}],"collection":[{"href":"https:\/\/shop.moldbrothers.com\/it\/wp-json\/wp\/v2\/product"}],"about":[{"href":"https:\/\/shop.moldbrothers.com\/it\/wp-json\/wp\/v2\/types\/product"}],"wp:featuredmedia":[{"embeddable":true,"href":"https:\/\/shop.moldbrothers.com\/it\/wp-json\/wp\/v2\/media\/143622"}],"wp:attachment":[{"href":"https:\/\/shop.moldbrothers.com\/it\/wp-json\/wp\/v2\/media?parent=124102"}],"wp:term":[{"taxonomy":"product_brand","embeddable":true,"href":"https:\/\/shop.moldbrothers.com\/it\/wp-json\/wp\/v2\/product_brand?post=124102"},{"taxonomy":"product_cat","embeddable":true,"href":"https:\/\/shop.moldbrothers.com\/it\/wp-json\/wp\/v2\/product_cat?post=124102"},{"taxonomy":"product_tag","embeddable":true,"href":"https:\/\/shop.moldbrothers.com\/it\/wp-json\/wp\/v2\/product_tag?post=124102"},{"taxonomy":"woo-feed-brand","embeddable":true,"href":"https:\/\/shop.moldbrothers.com\/it\/wp-json\/wp\/v2\/woo-feed-brand?post=124102"}],"curies":[{"name":"wp","href":"https:\/\/api.w.org\/{rel}","templated":true}]}}