{"id":119202,"date":"2021-12-28T17:40:35","date_gmt":"2021-12-28T16:40:35","guid":{"rendered":"https:\/\/moldbrothers.nl\/?post_type=product&#038;p=119202"},"modified":"2025-11-18T09:06:14","modified_gmt":"2025-11-18T08:06:14","slug":"oyster-mold","status":"publish","type":"product","link":"https:\/\/shop.moldbrothers.com\/it\/prodotto-2\/oyster-mold\/","title":{"rendered":"Ostrica Mold"},"content":{"rendered":"","protected":false},"excerpt":{"rendered":"<p>Questo stampo in silicone di alta qualit\u00e0, a forma di ostrica realistica, contiene 6 forme ed \u00e8 realizzato in silicone alimentare 100%. Lo stampo pu\u00f2 resistere a una temperatura compresa tra -40\u00b0C e +200\u00b0C. Lo stampo \u00e8 quindi adatto sia al congelatore che al forno.<\/p>","protected":false},"featured_media":119204,"template":"","meta":{"_seopress_robots_primary_cat":"none","_seopress_titles_title":"","_seopress_titles_desc":"","_seopress_robots_index":""},"product_brand":[],"product_cat":[159,194],"product_tag":[481,642,497,658,482,498,499,496,575],"woo-feed-brand":[],"class_list":{"0":"post-119202","1":"product","2":"type-product","3":"status-publish","4":"has-post-thumbnail","6":"product_cat-3dmolds","7":"product_cat-realistic","8":"product_tag-caviar","9":"product_tag-claw","10":"product_tag-fish","11":"product_tag-food","12":"product_tag-kaviaar","13":"product_tag-sea","14":"product_tag-seafood","15":"product_tag-vis","16":"product_tag-zee","18":"first","19":"instock","20":"taxable","21":"shipping-taxable","22":"purchasable","23":"product-type-simple"},"_links":{"self":[{"href":"https:\/\/shop.moldbrothers.com\/it\/wp-json\/wp\/v2\/product\/119202","targetHints":{"allow":["GET"]}}],"collection":[{"href":"https:\/\/shop.moldbrothers.com\/it\/wp-json\/wp\/v2\/product"}],"about":[{"href":"https:\/\/shop.moldbrothers.com\/it\/wp-json\/wp\/v2\/types\/product"}],"wp:featuredmedia":[{"embeddable":true,"href":"https:\/\/shop.moldbrothers.com\/it\/wp-json\/wp\/v2\/media\/119204"}],"wp:attachment":[{"href":"https:\/\/shop.moldbrothers.com\/it\/wp-json\/wp\/v2\/media?parent=119202"}],"wp:term":[{"taxonomy":"product_brand","embeddable":true,"href":"https:\/\/shop.moldbrothers.com\/it\/wp-json\/wp\/v2\/product_brand?post=119202"},{"taxonomy":"product_cat","embeddable":true,"href":"https:\/\/shop.moldbrothers.com\/it\/wp-json\/wp\/v2\/product_cat?post=119202"},{"taxonomy":"product_tag","embeddable":true,"href":"https:\/\/shop.moldbrothers.com\/it\/wp-json\/wp\/v2\/product_tag?post=119202"},{"taxonomy":"woo-feed-brand","embeddable":true,"href":"https:\/\/shop.moldbrothers.com\/it\/wp-json\/wp\/v2\/woo-feed-brand?post=119202"}],"curies":[{"name":"wp","href":"https:\/\/api.w.org\/{rel}","templated":true}]}}