{"id":79266,"date":"2020-12-25T10:53:00","date_gmt":"2020-12-25T09:53:00","guid":{"rendered":"https:\/\/moldbrothers.nl\/?post_type=product&#038;p=79266"},"modified":"2026-03-25T08:42:38","modified_gmt":"2026-03-25T07:42:38","slug":"moldbrothers-x-ben-murphy-honey-set","status":"publish","type":"product","link":"https:\/\/shop.moldbrothers.com\/fr\/produit\/moldbrothers-x-ben-murphy-honey-set\/","title":{"rendered":"Ensemble de miel Ben Murphy x MoldBrothers"},"content":{"rendered":"","protected":false},"excerpt":{"rendered":"<p data-pm-slice=\"0 0 []\">Ce moule en silicone de haute qualit\u00e9, en forme de nid d'abeille et d'abeille, contient 1 forme par moule et est fabriqu\u00e9 en silicone alimentaire 100%. Ces moules peuvent r\u00e9sister \u00e0 des temp\u00e9ratures allant de -40\u00b0C \u00e0 +200\u00b0C, ce qui permet de les utiliser aussi bien dans les cong\u00e9lateurs (\u00e0 chocs) que dans les fours.<\/p>","protected":false},"featured_media":79294,"template":"","meta":{"_seopress_robots_primary_cat":"none","_seopress_titles_title":"","_seopress_titles_desc":"","_seopress_robots_index":""},"product_brand":[],"product_cat":[159],"product_tag":[567,554,657,568,517],"woo-feed-brand":[],"class_list":{"0":"post-79266","1":"product","2":"type-product","3":"status-publish","4":"has-post-thumbnail","6":"product_cat-3dmolds","7":"product_tag-bee","8":"product_tag-chef","9":"product_tag-honey","10":"product_tag-honing","11":"product_tag-recipe","13":"first","14":"instock","15":"taxable","16":"shipping-taxable","17":"purchasable","18":"product-type-simple"},"_links":{"self":[{"href":"https:\/\/shop.moldbrothers.com\/fr\/wp-json\/wp\/v2\/product\/79266","targetHints":{"allow":["GET"]}}],"collection":[{"href":"https:\/\/shop.moldbrothers.com\/fr\/wp-json\/wp\/v2\/product"}],"about":[{"href":"https:\/\/shop.moldbrothers.com\/fr\/wp-json\/wp\/v2\/types\/product"}],"wp:featuredmedia":[{"embeddable":true,"href":"https:\/\/shop.moldbrothers.com\/fr\/wp-json\/wp\/v2\/media\/79294"}],"wp:attachment":[{"href":"https:\/\/shop.moldbrothers.com\/fr\/wp-json\/wp\/v2\/media?parent=79266"}],"wp:term":[{"taxonomy":"product_brand","embeddable":true,"href":"https:\/\/shop.moldbrothers.com\/fr\/wp-json\/wp\/v2\/product_brand?post=79266"},{"taxonomy":"product_cat","embeddable":true,"href":"https:\/\/shop.moldbrothers.com\/fr\/wp-json\/wp\/v2\/product_cat?post=79266"},{"taxonomy":"product_tag","embeddable":true,"href":"https:\/\/shop.moldbrothers.com\/fr\/wp-json\/wp\/v2\/product_tag?post=79266"},{"taxonomy":"woo-feed-brand","embeddable":true,"href":"https:\/\/shop.moldbrothers.com\/fr\/wp-json\/wp\/v2\/woo-feed-brand?post=79266"}],"curies":[{"name":"wp","href":"https:\/\/api.w.org\/{rel}","templated":true}]}}