{"id":78418,"date":"2021-03-29T13:59:51","date_gmt":"2021-03-29T11:59:51","guid":{"rendered":"https:\/\/moldbrothers.nl\/?post_type=product&#038;p=78418"},"modified":"2025-11-27T12:13:48","modified_gmt":"2025-11-27T11:13:48","slug":"balaie-le-pochoir","status":"publish","type":"product","link":"https:\/\/shop.moldbrothers.com\/fr\/produit\/balaie-le-pochoir\/","title":{"rendered":"Pochoir Points"},"content":{"rendered":"","protected":false},"excerpt":{"rendered":"<p>Ce pochoir \u00e0 points est fabriqu\u00e9 en polystyr\u00e8ne d'une \u00e9paisseur de 1 mm et est parfait pour finir votre plat avec pr\u00e9cision. Le motif g\u00e9om\u00e9trique et \u00e9pur\u00e9 des points apporte une touche moderne et tranchante aux \u00e9l\u00e9ments en poudre ou aux sauces fines. Ne passe pas au lave-vaisselle - rincer \u00e0 l'eau ti\u00e8de (40\u00b0C) et \u00e9viter d'utiliser des produits de nettoyage.<\/p>","protected":false},"featured_media":143437,"template":"","meta":{"_seopress_robots_primary_cat":"none","_seopress_titles_title":"","_seopress_titles_desc":"","_seopress_robots_index":""},"product_brand":[],"product_cat":[170,197],"product_tag":[],"woo-feed-brand":[],"class_list":{"0":"post-78418","1":"product","2":"type-product","3":"status-publish","4":"has-post-thumbnail","6":"product_cat-stencils","7":"product_cat-plate-stencils","9":"first","10":"instock","11":"taxable","12":"shipping-taxable","13":"purchasable","14":"product-type-simple"},"_links":{"self":[{"href":"https:\/\/shop.moldbrothers.com\/fr\/wp-json\/wp\/v2\/product\/78418","targetHints":{"allow":["GET"]}}],"collection":[{"href":"https:\/\/shop.moldbrothers.com\/fr\/wp-json\/wp\/v2\/product"}],"about":[{"href":"https:\/\/shop.moldbrothers.com\/fr\/wp-json\/wp\/v2\/types\/product"}],"wp:featuredmedia":[{"embeddable":true,"href":"https:\/\/shop.moldbrothers.com\/fr\/wp-json\/wp\/v2\/media\/143437"}],"wp:attachment":[{"href":"https:\/\/shop.moldbrothers.com\/fr\/wp-json\/wp\/v2\/media?parent=78418"}],"wp:term":[{"taxonomy":"product_brand","embeddable":true,"href":"https:\/\/shop.moldbrothers.com\/fr\/wp-json\/wp\/v2\/product_brand?post=78418"},{"taxonomy":"product_cat","embeddable":true,"href":"https:\/\/shop.moldbrothers.com\/fr\/wp-json\/wp\/v2\/product_cat?post=78418"},{"taxonomy":"product_tag","embeddable":true,"href":"https:\/\/shop.moldbrothers.com\/fr\/wp-json\/wp\/v2\/product_tag?post=78418"},{"taxonomy":"woo-feed-brand","embeddable":true,"href":"https:\/\/shop.moldbrothers.com\/fr\/wp-json\/wp\/v2\/woo-feed-brand?post=78418"}],"curies":[{"name":"wp","href":"https:\/\/api.w.org\/{rel}","templated":true}]}}