{"id":77784,"date":"2023-09-26T12:20:50","date_gmt":"2023-09-26T10:20:50","guid":{"rendered":"https:\/\/moldbrothers.nl\/?post_type=product&#038;p=77784"},"modified":"2025-10-20T12:28:52","modified_gmt":"2025-10-20T10:28:52","slug":"moule-cerceau-tuille-8-5","status":"publish","type":"product","link":"https:\/\/shop.moldbrothers.com\/fr\/produit\/moule-cerceau-tuille-8-5\/","title":{"rendered":"Cerceaux Tuille Mold"},"content":{"rendered":"","protected":false},"excerpt":{"rendered":"<p>Ce moule en silicone de haute qualit\u00e9, en forme d'anneau, contient 4 formes et est fabriqu\u00e9 en silicone alimentaire 100%. Le moule peut r\u00e9sister \u00e0 une temp\u00e9rature comprise entre -40\u00b0C et +200\u00b0C. Il convient donc aussi bien au cong\u00e9lateur (choc) qu'au four. Il convient donc aussi bien au cong\u00e9lateur (choc) qu'au four.<\/p>","protected":false},"featured_media":150666,"template":"","meta":{"_seopress_robots_primary_cat":"none","_seopress_titles_title":"","_seopress_titles_desc":"","_seopress_robots_index":""},"product_brand":[],"product_cat":[228,203],"product_tag":[521,522,520,495,519],"woo-feed-brand":[],"class_list":{"0":"post-77784","1":"product","2":"type-product","3":"status-publish","4":"has-post-thumbnail","6":"product_cat-2dmolds","7":"product_cat-graphic","8":"product_tag-circle","9":"product_tag-cirkel","10":"product_tag-ring","11":"product_tag-tuile","12":"product_tag-tuille-forme","14":"first","15":"instock","16":"taxable","17":"shipping-taxable","18":"purchasable","19":"product-type-simple"},"_links":{"self":[{"href":"https:\/\/shop.moldbrothers.com\/fr\/wp-json\/wp\/v2\/product\/77784","targetHints":{"allow":["GET"]}}],"collection":[{"href":"https:\/\/shop.moldbrothers.com\/fr\/wp-json\/wp\/v2\/product"}],"about":[{"href":"https:\/\/shop.moldbrothers.com\/fr\/wp-json\/wp\/v2\/types\/product"}],"wp:featuredmedia":[{"embeddable":true,"href":"https:\/\/shop.moldbrothers.com\/fr\/wp-json\/wp\/v2\/media\/150666"}],"wp:attachment":[{"href":"https:\/\/shop.moldbrothers.com\/fr\/wp-json\/wp\/v2\/media?parent=77784"}],"wp:term":[{"taxonomy":"product_brand","embeddable":true,"href":"https:\/\/shop.moldbrothers.com\/fr\/wp-json\/wp\/v2\/product_brand?post=77784"},{"taxonomy":"product_cat","embeddable":true,"href":"https:\/\/shop.moldbrothers.com\/fr\/wp-json\/wp\/v2\/product_cat?post=77784"},{"taxonomy":"product_tag","embeddable":true,"href":"https:\/\/shop.moldbrothers.com\/fr\/wp-json\/wp\/v2\/product_tag?post=77784"},{"taxonomy":"woo-feed-brand","embeddable":true,"href":"https:\/\/shop.moldbrothers.com\/fr\/wp-json\/wp\/v2\/woo-feed-brand?post=77784"}],"curies":[{"name":"wp","href":"https:\/\/api.w.org\/{rel}","templated":true}]}}