{"id":76380,"date":"2021-01-12T16:03:06","date_gmt":"2021-01-12T15:03:06","guid":{"rendered":"https:\/\/moldbrothers.nl\/?post_type=product&#038;p=76380"},"modified":"2026-03-12T10:02:47","modified_gmt":"2026-03-12T09:02:47","slug":"bunuelos-stellaire","status":"publish","type":"product","link":"https:\/\/shop.moldbrothers.com\/fr\/produit\/bunuelos-stellaire\/","title":{"rendered":"Bu\u00f1uelos stellaires"},"content":{"rendered":"","protected":false},"excerpt":{"rendered":"<p>Le Bu\u00f1uelos Stellar est un tampon en aluminium de haute qualit\u00e9, parfait pour r\u00e9aliser des beignets croustillants et dor\u00e9s appel\u00e9s Bu\u00f1uelos. Robuste, facile \u00e0 utiliser et id\u00e9al pour cr\u00e9er un amuse-bouche l\u00e9ger, en forme d'\u00e9toile et d\u00e9licatement croustillant.<\/p>","protected":false},"featured_media":127231,"template":"","meta":{"_seopress_robots_primary_cat":"none","_seopress_titles_title":"","_seopress_titles_desc":"","_seopress_robots_index":""},"product_brand":[],"product_cat":[362],"product_tag":[507,508,523,912,595,599,596,598,597],"woo-feed-brand":[],"class_list":{"0":"post-76380","1":"product","2":"type-product","3":"status-publish","4":"has-post-thumbnail","6":"product_cat-bunuelos-pie-tee","7":"product_tag-batter","8":"product_tag-beslag","9":"product_tag-bloem","10":"product_tag-croustade","11":"product_tag-fry","12":"product_tag-oil","13":"product_tag-stamp","14":"product_tag-tool","15":"product_tag-tools","17":"first","18":"instock","19":"taxable","20":"shipping-taxable","21":"purchasable","22":"product-type-simple"},"_links":{"self":[{"href":"https:\/\/shop.moldbrothers.com\/fr\/wp-json\/wp\/v2\/product\/76380","targetHints":{"allow":["GET"]}}],"collection":[{"href":"https:\/\/shop.moldbrothers.com\/fr\/wp-json\/wp\/v2\/product"}],"about":[{"href":"https:\/\/shop.moldbrothers.com\/fr\/wp-json\/wp\/v2\/types\/product"}],"wp:featuredmedia":[{"embeddable":true,"href":"https:\/\/shop.moldbrothers.com\/fr\/wp-json\/wp\/v2\/media\/127231"}],"wp:attachment":[{"href":"https:\/\/shop.moldbrothers.com\/fr\/wp-json\/wp\/v2\/media?parent=76380"}],"wp:term":[{"taxonomy":"product_brand","embeddable":true,"href":"https:\/\/shop.moldbrothers.com\/fr\/wp-json\/wp\/v2\/product_brand?post=76380"},{"taxonomy":"product_cat","embeddable":true,"href":"https:\/\/shop.moldbrothers.com\/fr\/wp-json\/wp\/v2\/product_cat?post=76380"},{"taxonomy":"product_tag","embeddable":true,"href":"https:\/\/shop.moldbrothers.com\/fr\/wp-json\/wp\/v2\/product_tag?post=76380"},{"taxonomy":"woo-feed-brand","embeddable":true,"href":"https:\/\/shop.moldbrothers.com\/fr\/wp-json\/wp\/v2\/woo-feed-brand?post=76380"}],"curies":[{"name":"wp","href":"https:\/\/api.w.org\/{rel}","templated":true}]}}