{"id":76378,"date":"2021-01-12T15:43:32","date_gmt":"2021-01-12T14:43:32","guid":{"rendered":"https:\/\/moldbrothers.nl\/?post_type=product&#038;p=76378"},"modified":"2026-03-12T10:03:03","modified_gmt":"2026-03-12T09:03:03","slug":"bunuelos-original","status":"publish","type":"product","link":"https:\/\/shop.moldbrothers.com\/fr\/produit\/bunuelos-original\/","title":{"rendered":"Original Bu\u00f1uelos"},"content":{"rendered":"","protected":false},"excerpt":{"rendered":"<p>Le Bu\u00f1uelos Original est un tampon en aluminium de haute qualit\u00e9, parfait pour pr\u00e9parer des beignets croustillants et dor\u00e9s appel\u00e9s Bu\u00f1uelos. Robuste, facile \u00e0 utiliser et id\u00e9al pour cr\u00e9er une base l\u00e9g\u00e8re et a\u00e9r\u00e9e pour un amuse-bouche.<\/p>","protected":false},"featured_media":127245,"template":"","meta":{"_seopress_robots_primary_cat":"none","_seopress_titles_title":"","_seopress_titles_desc":"","_seopress_robots_index":""},"product_brand":[],"product_cat":[362],"product_tag":[507,1027,508,523,602,1023,912,1022,1026,1025,595,1018,599,1019,1020,639,1024,596,757,1021,598,597],"woo-feed-brand":[],"class_list":{"0":"post-76378","1":"product","2":"type-product","3":"status-publish","4":"has-post-thumbnail","6":"product_cat-bunuelos-pie-tee","7":"product_tag-batter","8":"product_tag-beignets","9":"product_tag-beslag","10":"product_tag-bloem","11":"product_tag-bunuelos","12":"product_tag-crisp","13":"product_tag-croustade","14":"product_tag-crust","15":"product_tag-fried","16":"product_tag-fritters","17":"product_tag-fry","18":"product_tag-iron","19":"product_tag-oil","20":"product_tag-pee-tee","21":"product_tag-pie","22":"product_tag-rosette","23":"product_tag-shell","24":"product_tag-stamp","25":"product_tag-tart","26":"product_tag-tie","27":"product_tag-tool","28":"product_tag-tools","30":"first","31":"instock","32":"taxable","33":"shipping-taxable","34":"purchasable","35":"product-type-simple"},"_links":{"self":[{"href":"https:\/\/shop.moldbrothers.com\/fr\/wp-json\/wp\/v2\/product\/76378","targetHints":{"allow":["GET"]}}],"collection":[{"href":"https:\/\/shop.moldbrothers.com\/fr\/wp-json\/wp\/v2\/product"}],"about":[{"href":"https:\/\/shop.moldbrothers.com\/fr\/wp-json\/wp\/v2\/types\/product"}],"wp:featuredmedia":[{"embeddable":true,"href":"https:\/\/shop.moldbrothers.com\/fr\/wp-json\/wp\/v2\/media\/127245"}],"wp:attachment":[{"href":"https:\/\/shop.moldbrothers.com\/fr\/wp-json\/wp\/v2\/media?parent=76378"}],"wp:term":[{"taxonomy":"product_brand","embeddable":true,"href":"https:\/\/shop.moldbrothers.com\/fr\/wp-json\/wp\/v2\/product_brand?post=76378"},{"taxonomy":"product_cat","embeddable":true,"href":"https:\/\/shop.moldbrothers.com\/fr\/wp-json\/wp\/v2\/product_cat?post=76378"},{"taxonomy":"product_tag","embeddable":true,"href":"https:\/\/shop.moldbrothers.com\/fr\/wp-json\/wp\/v2\/product_tag?post=76378"},{"taxonomy":"woo-feed-brand","embeddable":true,"href":"https:\/\/shop.moldbrothers.com\/fr\/wp-json\/wp\/v2\/woo-feed-brand?post=76378"}],"curies":[{"name":"wp","href":"https:\/\/api.w.org\/{rel}","templated":true}]}}