{"id":74626,"date":"2020-02-26T16:36:54","date_gmt":"2020-02-26T15:36:54","guid":{"rendered":"https:\/\/moldbrothers.nl\/?post_type=product&#038;p=74626"},"modified":"2025-11-27T12:18:16","modified_gmt":"2025-11-27T11:18:16","slug":"ballon","status":"publish","type":"product","link":"https:\/\/shop.moldbrothers.com\/fr\/produit\/ballon\/","title":{"rendered":"Pochoir joyeux anniversaire"},"content":{"rendered":"","protected":false},"excerpt":{"rendered":"<p>Pochoir Happy Anniversary en polystyr\u00e8ne de 1 mm d'\u00e9paisseur, parfait pour ajouter une touche personnelle \u00e0 votre dessert avec du cacao, du sucre glace ou toute autre poudre - simple \u00e0 utiliser et une surprise attentionn\u00e9e pour toute c\u00e9l\u00e9bration d'anniversaire. <strong>Non<\/strong> peut \u00eatre lav\u00e9 au lave-vaisselle - rincer \u00e0 l'eau ti\u00e8de (40\u00b0C) et \u00e9viter d'utiliser des produits de nettoyage.<\/p>","protected":false},"featured_media":143405,"template":"","meta":{"_seopress_robots_primary_cat":"none","_seopress_titles_title":"","_seopress_titles_desc":"","_seopress_robots_index":""},"product_brand":[],"product_cat":[170,197],"product_tag":[512,998,511,509,615,510],"woo-feed-brand":[],"class_list":{"0":"post-74626","1":"product","2":"type-product","3":"status-publish","4":"has-post-thumbnail","6":"product_cat-stencils","7":"product_cat-plate-stencils","8":"product_tag-congratulations","9":"product_tag-cumpleanos","10":"product_tag-feest","11":"product_tag-happy","12":"product_tag-party","13":"product_tag-verjaardag","15":"first","16":"instock","17":"taxable","18":"shipping-taxable","19":"purchasable","20":"product-type-simple"},"_links":{"self":[{"href":"https:\/\/shop.moldbrothers.com\/fr\/wp-json\/wp\/v2\/product\/74626","targetHints":{"allow":["GET"]}}],"collection":[{"href":"https:\/\/shop.moldbrothers.com\/fr\/wp-json\/wp\/v2\/product"}],"about":[{"href":"https:\/\/shop.moldbrothers.com\/fr\/wp-json\/wp\/v2\/types\/product"}],"wp:featuredmedia":[{"embeddable":true,"href":"https:\/\/shop.moldbrothers.com\/fr\/wp-json\/wp\/v2\/media\/143405"}],"wp:attachment":[{"href":"https:\/\/shop.moldbrothers.com\/fr\/wp-json\/wp\/v2\/media?parent=74626"}],"wp:term":[{"taxonomy":"product_brand","embeddable":true,"href":"https:\/\/shop.moldbrothers.com\/fr\/wp-json\/wp\/v2\/product_brand?post=74626"},{"taxonomy":"product_cat","embeddable":true,"href":"https:\/\/shop.moldbrothers.com\/fr\/wp-json\/wp\/v2\/product_cat?post=74626"},{"taxonomy":"product_tag","embeddable":true,"href":"https:\/\/shop.moldbrothers.com\/fr\/wp-json\/wp\/v2\/product_tag?post=74626"},{"taxonomy":"woo-feed-brand","embeddable":true,"href":"https:\/\/shop.moldbrothers.com\/fr\/wp-json\/wp\/v2\/woo-feed-brand?post=74626"}],"curies":[{"name":"wp","href":"https:\/\/api.w.org\/{rel}","templated":true}]}}