{"id":74136,"date":"2019-08-07T14:13:23","date_gmt":"2019-08-07T12:13:23","guid":{"rendered":"https:\/\/moldbrothers.nl\/?post_type=product&#038;p=74136"},"modified":"2025-11-27T12:25:08","modified_gmt":"2025-11-27T11:25:08","slug":"pochoir-shiso","status":"publish","type":"product","link":"https:\/\/shop.moldbrothers.com\/fr\/produit\/pochoir-shiso\/","title":{"rendered":"Pochoir Shiso"},"content":{"rendered":"","protected":false},"excerpt":{"rendered":"<p>Pochoir en forme de shiso en polystyr\u00e8ne de 1 mm d'\u00e9paisseur, id\u00e9al pour \u00e9taler des tuiles fines, des chips \u00e0 l'isomalt ou encore de la meringue. <strong>Non<\/strong> peut \u00eatre lav\u00e9 au lave-vaisselle - rincer \u00e0 l'eau ti\u00e8de (40\u00b0C) et \u00e9viter d'utiliser des produits de nettoyage.<\/p>","protected":false},"featured_media":143387,"template":"","meta":{"_seopress_robots_primary_cat":"none","_seopress_titles_title":"","_seopress_titles_desc":"","_seopress_robots_index":""},"product_brand":[],"product_cat":[170,198],"product_tag":[],"woo-feed-brand":[],"class_list":{"0":"post-74136","1":"product","2":"type-product","3":"status-publish","4":"has-post-thumbnail","6":"product_cat-stencils","7":"product_cat-a3-stencils","9":"first","10":"instock","11":"taxable","12":"shipping-taxable","13":"purchasable","14":"product-type-simple"},"_links":{"self":[{"href":"https:\/\/shop.moldbrothers.com\/fr\/wp-json\/wp\/v2\/product\/74136","targetHints":{"allow":["GET"]}}],"collection":[{"href":"https:\/\/shop.moldbrothers.com\/fr\/wp-json\/wp\/v2\/product"}],"about":[{"href":"https:\/\/shop.moldbrothers.com\/fr\/wp-json\/wp\/v2\/types\/product"}],"wp:featuredmedia":[{"embeddable":true,"href":"https:\/\/shop.moldbrothers.com\/fr\/wp-json\/wp\/v2\/media\/143387"}],"wp:attachment":[{"href":"https:\/\/shop.moldbrothers.com\/fr\/wp-json\/wp\/v2\/media?parent=74136"}],"wp:term":[{"taxonomy":"product_brand","embeddable":true,"href":"https:\/\/shop.moldbrothers.com\/fr\/wp-json\/wp\/v2\/product_brand?post=74136"},{"taxonomy":"product_cat","embeddable":true,"href":"https:\/\/shop.moldbrothers.com\/fr\/wp-json\/wp\/v2\/product_cat?post=74136"},{"taxonomy":"product_tag","embeddable":true,"href":"https:\/\/shop.moldbrothers.com\/fr\/wp-json\/wp\/v2\/product_tag?post=74136"},{"taxonomy":"woo-feed-brand","embeddable":true,"href":"https:\/\/shop.moldbrothers.com\/fr\/wp-json\/wp\/v2\/woo-feed-brand?post=74136"}],"curies":[{"name":"wp","href":"https:\/\/api.w.org\/{rel}","templated":true}]}}