{"id":74057,"date":"2019-07-04T17:01:11","date_gmt":"2019-07-04T15:01:11","guid":{"rendered":"https:\/\/moldbrothers.nl\/?post_type=product&#038;p=74057"},"modified":"2026-03-24T16:32:50","modified_gmt":"2026-03-24T15:32:50","slug":"moldbrothers-jeu-de-perforateur","status":"publish","type":"product","link":"https:\/\/shop.moldbrothers.com\/fr\/produit\/moldbrothers-jeu-de-perforateur\/","title":{"rendered":"Jeu de perforateurs - Original"},"content":{"rendered":"","protected":false},"excerpt":{"rendered":"<p>Perforateurs ronds en acier inoxydable de haute qualit\u00e9, 6 pi\u00e8ces allant de 1 \u00e0 6 cm. Fabriqu\u00e9s en acier inoxydable solide, ces emporte-pi\u00e8ces r\u00e9sistent \u00e0 la rouille, restent tranchants pendant des ann\u00e9es et ne se d\u00e9forment jamais. Faites l'exp\u00e9rience de la pr\u00e9cision et de la durabilit\u00e9 - choisissez la meilleure qualit\u00e9 pour tous vos projets culinaires.<\/p>","protected":false},"featured_media":157040,"template":"","meta":{"_seopress_robots_primary_cat":"none","_seopress_titles_title":"","_seopress_titles_desc":"","_seopress_robots_index":"yes"},"product_brand":[],"product_cat":[192,231],"product_tag":[],"woo-feed-brand":[],"class_list":{"0":"post-74057","1":"product","2":"type-product","3":"status-publish","4":"has-post-thumbnail","6":"product_cat-kitchen-essentials","7":"product_cat-hidden","9":"first","10":"instock","11":"taxable","12":"shipping-taxable","13":"purchasable","14":"product-type-simple"},"_links":{"self":[{"href":"https:\/\/shop.moldbrothers.com\/fr\/wp-json\/wp\/v2\/product\/74057","targetHints":{"allow":["GET"]}}],"collection":[{"href":"https:\/\/shop.moldbrothers.com\/fr\/wp-json\/wp\/v2\/product"}],"about":[{"href":"https:\/\/shop.moldbrothers.com\/fr\/wp-json\/wp\/v2\/types\/product"}],"wp:featuredmedia":[{"embeddable":true,"href":"https:\/\/shop.moldbrothers.com\/fr\/wp-json\/wp\/v2\/media\/157040"}],"wp:attachment":[{"href":"https:\/\/shop.moldbrothers.com\/fr\/wp-json\/wp\/v2\/media?parent=74057"}],"wp:term":[{"taxonomy":"product_brand","embeddable":true,"href":"https:\/\/shop.moldbrothers.com\/fr\/wp-json\/wp\/v2\/product_brand?post=74057"},{"taxonomy":"product_cat","embeddable":true,"href":"https:\/\/shop.moldbrothers.com\/fr\/wp-json\/wp\/v2\/product_cat?post=74057"},{"taxonomy":"product_tag","embeddable":true,"href":"https:\/\/shop.moldbrothers.com\/fr\/wp-json\/wp\/v2\/product_tag?post=74057"},{"taxonomy":"woo-feed-brand","embeddable":true,"href":"https:\/\/shop.moldbrothers.com\/fr\/wp-json\/wp\/v2\/woo-feed-brand?post=74057"}],"curies":[{"name":"wp","href":"https:\/\/api.w.org\/{rel}","templated":true}]}}