{"id":73561,"date":"2019-02-11T22:27:21","date_gmt":"2019-02-11T21:27:21","guid":{"rendered":"https:\/\/moldbrothers.nl\/?post_type=product&#038;p=73561"},"modified":"2026-03-24T16:32:46","modified_gmt":"2026-03-24T15:32:46","slug":"pochoir-triangle-unilateral","status":"publish","type":"product","link":"https:\/\/shop.moldbrothers.com\/fr\/produit\/pochoir-triangle-unilateral\/","title":{"rendered":"Pochoir triangle unilat\u00e9ral"},"content":{"rendered":"","protected":false},"excerpt":{"rendered":"<p>Ce pochoir triangulaire unilat\u00e9ral est fabriqu\u00e9 en polystyr\u00e8ne d'une \u00e9paisseur de 1 mm et peut \u00eatre utilis\u00e9 pour \u00e9taler des tuiles fines, par exemple de l'isomalt ou de la meringue.<\/p>\n<p>Le pochoir est\u00a0<strong>pas<\/strong>\u00a0lave-vaisselle. Nous recommandons de rincer le pochoir \u00e0 l&#039;eau ti\u00e8de (40\u00b0C) sans utiliser de d\u00e9tergent.<\/p>\n<p><strong>Taille du pochoir : 42 cm x 29,7 cm<br \/>\n<\/strong><strong>Taille Forme : 12,1 cm x 3,1 cm<br \/>\nNombre de formes : 14 pc.<br \/>\nPoids : 50 grammes<\/strong><\/p>","protected":false},"featured_media":145994,"template":"","meta":{"_seopress_robots_primary_cat":"none","_seopress_titles_title":"","_seopress_titles_desc":"","_seopress_robots_index":""},"product_brand":[],"product_cat":[170,198,231],"product_tag":[],"woo-feed-brand":[],"class_list":{"0":"post-73561","1":"product","2":"type-product","3":"status-publish","4":"has-post-thumbnail","6":"product_cat-stencils","7":"product_cat-a3-stencils","8":"product_cat-hidden","10":"first","11":"instock","12":"taxable","13":"shipping-taxable","14":"purchasable","15":"product-type-simple"},"_links":{"self":[{"href":"https:\/\/shop.moldbrothers.com\/fr\/wp-json\/wp\/v2\/product\/73561","targetHints":{"allow":["GET"]}}],"collection":[{"href":"https:\/\/shop.moldbrothers.com\/fr\/wp-json\/wp\/v2\/product"}],"about":[{"href":"https:\/\/shop.moldbrothers.com\/fr\/wp-json\/wp\/v2\/types\/product"}],"wp:featuredmedia":[{"embeddable":true,"href":"https:\/\/shop.moldbrothers.com\/fr\/wp-json\/wp\/v2\/media\/145994"}],"wp:attachment":[{"href":"https:\/\/shop.moldbrothers.com\/fr\/wp-json\/wp\/v2\/media?parent=73561"}],"wp:term":[{"taxonomy":"product_brand","embeddable":true,"href":"https:\/\/shop.moldbrothers.com\/fr\/wp-json\/wp\/v2\/product_brand?post=73561"},{"taxonomy":"product_cat","embeddable":true,"href":"https:\/\/shop.moldbrothers.com\/fr\/wp-json\/wp\/v2\/product_cat?post=73561"},{"taxonomy":"product_tag","embeddable":true,"href":"https:\/\/shop.moldbrothers.com\/fr\/wp-json\/wp\/v2\/product_tag?post=73561"},{"taxonomy":"woo-feed-brand","embeddable":true,"href":"https:\/\/shop.moldbrothers.com\/fr\/wp-json\/wp\/v2\/woo-feed-brand?post=73561"}],"curies":[{"name":"wp","href":"https:\/\/api.w.org\/{rel}","templated":true}]}}