{"id":73512,"date":"2019-01-29T14:27:18","date_gmt":"2019-01-29T13:27:18","guid":{"rendered":"https:\/\/moldbrothers.nl\/?post_type=product&#038;p=73512"},"modified":"2026-03-24T16:32:40","modified_gmt":"2026-03-24T15:32:40","slug":"etui-de-pochoir-de-base","status":"publish","type":"product","link":"https:\/\/shop.moldbrothers.com\/fr\/produit\/etui-de-pochoir-de-base\/","title":{"rendered":"\u00c9tui de pochoir de base"},"content":{"rendered":"","protected":false},"excerpt":{"rendered":"<p>Cette mallette de base pour pochoirs est compos\u00e9e de plaques de polystyr\u00e8ne d'une \u00e9paisseur de 1 mm et constitue la base parfaite pour vos plats. L'\u00e9tui \u00e0 pochoirs de base contient :<\/p>\n<p>\u2013 Pochoir Cercle A3 4,5 cm \u00f8<br \/>\n\u2013 Pochoir carr\u00e9 A3 4 cm x 4 cm<br \/>\n\u2013 Pochoir Cylindre A3 15 cm x 5 cm<br \/>\n\u2013 Pochoir triangle A3 1 face 12,1 cm x 3,1 cm<br \/>\n\u2013 Triangle recto-verso A3 7 cm x 4 cm<\/p>\n<p>Le pochoir n&#039;est pas r\u00e9sistant au lave-vaisselle. Nous recommandons de rincer le pochoir \u00e0 l&#039;eau ti\u00e8de (40\u00b0C) sans utiliser de d\u00e9tergent.<\/p>","protected":false},"featured_media":143422,"template":"","meta":{"_seopress_robots_primary_cat":"none","_seopress_titles_title":"","_seopress_titles_desc":"","_seopress_robots_index":""},"product_brand":[],"product_cat":[170,198,231],"product_tag":[],"woo-feed-brand":[],"class_list":{"0":"post-73512","1":"product","2":"type-product","3":"status-publish","4":"has-post-thumbnail","6":"product_cat-stencils","7":"product_cat-a3-stencils","8":"product_cat-hidden","10":"first","11":"instock","12":"taxable","13":"shipping-taxable","14":"purchasable","15":"product-type-simple"},"_links":{"self":[{"href":"https:\/\/shop.moldbrothers.com\/fr\/wp-json\/wp\/v2\/product\/73512","targetHints":{"allow":["GET"]}}],"collection":[{"href":"https:\/\/shop.moldbrothers.com\/fr\/wp-json\/wp\/v2\/product"}],"about":[{"href":"https:\/\/shop.moldbrothers.com\/fr\/wp-json\/wp\/v2\/types\/product"}],"wp:featuredmedia":[{"embeddable":true,"href":"https:\/\/shop.moldbrothers.com\/fr\/wp-json\/wp\/v2\/media\/143422"}],"wp:attachment":[{"href":"https:\/\/shop.moldbrothers.com\/fr\/wp-json\/wp\/v2\/media?parent=73512"}],"wp:term":[{"taxonomy":"product_brand","embeddable":true,"href":"https:\/\/shop.moldbrothers.com\/fr\/wp-json\/wp\/v2\/product_brand?post=73512"},{"taxonomy":"product_cat","embeddable":true,"href":"https:\/\/shop.moldbrothers.com\/fr\/wp-json\/wp\/v2\/product_cat?post=73512"},{"taxonomy":"product_tag","embeddable":true,"href":"https:\/\/shop.moldbrothers.com\/fr\/wp-json\/wp\/v2\/product_tag?post=73512"},{"taxonomy":"woo-feed-brand","embeddable":true,"href":"https:\/\/shop.moldbrothers.com\/fr\/wp-json\/wp\/v2\/woo-feed-brand?post=73512"}],"curies":[{"name":"wp","href":"https:\/\/api.w.org\/{rel}","templated":true}]}}