{"id":203419,"date":"2025-12-13T10:42:00","date_gmt":"2025-12-13T09:42:00","guid":{"rendered":"https:\/\/shop.moldbrothers.com\/?post_type=product&#038;p=203419"},"modified":"2026-05-05T12:01:15","modified_gmt":"2026-05-05T10:01:15","slug":"wine-cork","status":"publish","type":"product","link":"https:\/\/shop.moldbrothers.com\/fr\/produit\/wine-cork\/","title":{"rendered":"Bouchon de vin"},"content":{"rendered":"<p>Les produits seront exp\u00e9di\u00e9s \u00e0 partir de la mi-juin.<\/p>\n\n\n\n<p><\/p>","protected":false},"excerpt":{"rendered":"<p>Une base en bois con\u00e7ue pour accueillir un bouchon. \u00c0 combiner avec le Wine \u00f8101 et le Wine \u00f888.<\/p>\n<p><strong>Les produits seront exp\u00e9di\u00e9s \u00e0 partir de la mi-juin.<\/strong><\/p>","protected":false},"featured_media":203246,"template":"","meta":{"_seopress_robots_primary_cat":"none","_seopress_titles_title":"S\u014dkkel | Volume 1 | Wine Cork| MoldBrothers","_seopress_titles_desc":"A wooden base designed to hold a cork. Pair it with the Wine \u00f8101 and Wine \u00f888.","_seopress_robots_index":""},"product_brand":[],"product_cat":[238],"product_tag":[],"woo-feed-brand":[],"class_list":{"0":"post-203419","1":"product","2":"type-product","3":"status-publish","4":"has-post-thumbnail","6":"product_cat-sokkel","8":"first","9":"instock","10":"taxable","11":"shipping-taxable","12":"purchasable","13":"product-type-variable"},"_links":{"self":[{"href":"https:\/\/shop.moldbrothers.com\/fr\/wp-json\/wp\/v2\/product\/203419","targetHints":{"allow":["GET"]}}],"collection":[{"href":"https:\/\/shop.moldbrothers.com\/fr\/wp-json\/wp\/v2\/product"}],"about":[{"href":"https:\/\/shop.moldbrothers.com\/fr\/wp-json\/wp\/v2\/types\/product"}],"wp:featuredmedia":[{"embeddable":true,"href":"https:\/\/shop.moldbrothers.com\/fr\/wp-json\/wp\/v2\/media\/203246"}],"wp:attachment":[{"href":"https:\/\/shop.moldbrothers.com\/fr\/wp-json\/wp\/v2\/media?parent=203419"}],"wp:term":[{"taxonomy":"product_brand","embeddable":true,"href":"https:\/\/shop.moldbrothers.com\/fr\/wp-json\/wp\/v2\/product_brand?post=203419"},{"taxonomy":"product_cat","embeddable":true,"href":"https:\/\/shop.moldbrothers.com\/fr\/wp-json\/wp\/v2\/product_cat?post=203419"},{"taxonomy":"product_tag","embeddable":true,"href":"https:\/\/shop.moldbrothers.com\/fr\/wp-json\/wp\/v2\/product_tag?post=203419"},{"taxonomy":"woo-feed-brand","embeddable":true,"href":"https:\/\/shop.moldbrothers.com\/fr\/wp-json\/wp\/v2\/woo-feed-brand?post=203419"}],"curies":[{"name":"wp","href":"https:\/\/api.w.org\/{rel}","templated":true}]}}