{"id":203399,"date":"2025-11-02T10:30:00","date_gmt":"2025-11-02T09:30:00","guid":{"rendered":"https:\/\/shop.moldbrothers.com\/?post_type=product&#038;p=203399"},"modified":"2026-05-05T12:01:52","modified_gmt":"2026-05-05T10:01:52","slug":"bread","status":"publish","type":"product","link":"https:\/\/shop.moldbrothers.com\/fr\/produit\/bread\/","title":{"rendered":"Pain"},"content":{"rendered":"<p>Les produits seront exp\u00e9di\u00e9s \u00e0 partir de la mi-juin.<\/p>","protected":false},"excerpt":{"rendered":"<p>Notre Bread S\u014dkkel est dot\u00e9 d'une base encastr\u00e9e qui retient les miettes, hors de la table et hors de vue. Associez-le \u00e0 la base Butter pour un service de pain complet.<\/p>\n<p><strong>Les produits seront exp\u00e9di\u00e9s \u00e0 partir de la mi-juin.<\/strong><\/p>","protected":false},"featured_media":203224,"template":"","meta":{"_seopress_robots_primary_cat":"none","_seopress_titles_title":"S\u014dkkel | Volume 1 | Bread | MoldBrothers","_seopress_titles_desc":"Our Bread S\u014dkkel features a recessed base that keeps crumbs contained, off the table and out of sight. Pair it with the Butter base for a complete bread service.","_seopress_robots_index":""},"product_brand":[],"product_cat":[238],"product_tag":[],"woo-feed-brand":[],"class_list":{"0":"post-203399","1":"product","2":"type-product","3":"status-publish","4":"has-post-thumbnail","6":"product_cat-sokkel","8":"first","9":"instock","10":"taxable","11":"shipping-taxable","12":"purchasable","13":"product-type-variable"},"_links":{"self":[{"href":"https:\/\/shop.moldbrothers.com\/fr\/wp-json\/wp\/v2\/product\/203399","targetHints":{"allow":["GET"]}}],"collection":[{"href":"https:\/\/shop.moldbrothers.com\/fr\/wp-json\/wp\/v2\/product"}],"about":[{"href":"https:\/\/shop.moldbrothers.com\/fr\/wp-json\/wp\/v2\/types\/product"}],"wp:featuredmedia":[{"embeddable":true,"href":"https:\/\/shop.moldbrothers.com\/fr\/wp-json\/wp\/v2\/media\/203224"}],"wp:attachment":[{"href":"https:\/\/shop.moldbrothers.com\/fr\/wp-json\/wp\/v2\/media?parent=203399"}],"wp:term":[{"taxonomy":"product_brand","embeddable":true,"href":"https:\/\/shop.moldbrothers.com\/fr\/wp-json\/wp\/v2\/product_brand?post=203399"},{"taxonomy":"product_cat","embeddable":true,"href":"https:\/\/shop.moldbrothers.com\/fr\/wp-json\/wp\/v2\/product_cat?post=203399"},{"taxonomy":"product_tag","embeddable":true,"href":"https:\/\/shop.moldbrothers.com\/fr\/wp-json\/wp\/v2\/product_tag?post=203399"},{"taxonomy":"woo-feed-brand","embeddable":true,"href":"https:\/\/shop.moldbrothers.com\/fr\/wp-json\/wp\/v2\/woo-feed-brand?post=203399"}],"curies":[{"name":"wp","href":"https:\/\/api.w.org\/{rel}","templated":true}]}}